{"id":310,"date":"2025-12-11T10:15:10","date_gmt":"2025-12-11T10:15:10","guid":{"rendered":"https:\/\/karaoke-spain.eu\/?post_type=product&#038;p=310"},"modified":"2025-12-11T10:33:53","modified_gmt":"2025-12-11T10:33:53","slug":"evosound-sphere-black","status":"publish","type":"product","link":"https:\/\/karaoke-spain.eu\/uk\/product\/evosound-sphere-black\/","title":{"rendered":"\u0421\u0442\u0435\u0440\u0435\u043e \u0430\u0443\u0434\u0456\u043e\u0441\u0438\u0441\u0442\u0435\u043c\u0430 \u0434\u043b\u044f \u043a\u0430\u0440\u0430\u043e\u043a\u0435 EvoSound Sphere Black"},"content":{"rendered":"<div class=\"t396__elem tn-elem tn-elem__5638219061672140774443 t-animate t-animate_started\" data-elem-id=\"1672140774443\" data-elem-type=\"text\" data-field-top-value=\"645\" data-field-left-value=\"620\" data-field-width-value=\"500\" data-field-axisy-value=\"top\" data-field-axisx-value=\"left\" data-field-container-value=\"grid\" data-field-topunits-value=\"px\" data-field-leftunits-value=\"px\" data-field-heightunits-value=\"\" data-field-widthunits-value=\"px\" data-animate-style=\"fadeinup\" data-animate-duration=\"1.4\" data-animate-distance=\"100\" data-field-top-res-320-value=\"1080\" data-field-left-res-320-value=\"-30\" data-field-width-res-320-value=\"329\" data-field-top-res-480-value=\"1110\" data-field-width-res-480-value=\"438\" data-field-top-res-640-value=\"1235\" data-field-left-res-640-value=\"10\" data-field-width-res-640-value=\"554\" data-field-top-res-960-value=\"655\" data-field-left-res-960-value=\"490\" data-fields=\"top,left,width,height,container,axisx,axisy,widthunits,leftunits,topunits\" data-observer-ready=\"true\">\n<div class=\"tn-atom\">EvoSound Sphere Pearl - \u0446\u0435 \u043f\u0440\u0438\u0433\u043e\u043b\u043e\u043c\u0448\u043b\u0438\u0432\u0430 \u0434\u043e\u043c\u0430\u0448\u043d\u044f \u0430\u0443\u0434\u0456\u043e\u0441\u0438\u0441\u0442\u0435\u043c\u0430 \u0434\u043b\u044f \u043a\u0430\u0440\u0430\u043e\u043a\u0435. \u0412\u0456\u043d \u0441\u043a\u043b\u0430\u0434\u0430\u0454\u0442\u044c\u0441\u044f \u0437 \u0434\u0432\u043e\u0445 \u0441\u0444\u0435\u0440\u0438\u0447\u043d\u0438\u0445 \u0441\u0430\u0442\u0435\u043b\u0456\u0442\u0456\u0432 \u0456 \u0430\u043a\u0442\u0438\u0432\u043d\u043e\u0433\u043e \u0441\u0430\u0431\u0432\u0443\u0444\u0435\u0440\u0430 \u0437\u0430\u0433\u0430\u043b\u044c\u043d\u043e\u044e \u043f\u043e\u0442\u0443\u0436\u043d\u0456\u0441\u0442\u044e 390 \u0412\u0442. EvoSound Sphere Pearl \u0437\u0430\u0431\u0435\u0437\u043f\u0435\u0447\u0443\u0454 \u0456\u0434\u0435\u0430\u043b\u044c\u043d\u0435 \u0432\u0456\u0434\u0442\u0432\u043e\u0440\u0435\u043d\u043d\u044f \u0441\u0442\u0435\u0440\u0435\u043e\u0437\u0432\u0443\u043a\u0443 \u044f\u043a \u043d\u0430 \u043a\u0430\u0440\u0430\u043e\u043a\u0435-\u0432\u0435\u0447\u0456\u0440\u043a\u0438, \u0442\u0430\u043a \u0456 \u043f\u0440\u0438 \u043f\u0435\u0440\u0435\u0433\u043b\u044f\u0434\u0456 \u0444\u0456\u043b\u044c\u043c\u0456\u0432 \u0456 \u043f\u0440\u043e\u0441\u043b\u0443\u0445\u043e\u0432\u0443\u0432\u0430\u043d\u043d\u044f \u043c\u0443\u0437\u0438\u043a\u0438. \u0410\u0443\u0434\u0456\u043e\u0441\u0438\u0441\u0442\u0435\u043c\u0430 \u0434\u043e\u0441\u0442\u0443\u043f\u043d\u0430 \u0432 \u0434\u0432\u043e\u0445 \u043a\u043e\u043b\u0456\u0440\u043d\u0438\u0445 \u0432\u0430\u0440\u0456\u0430\u043d\u0442\u0430\u0445: \u043c\u0430\u0442\u043e\u0432\u043e-\u0447\u043e\u0440\u043d\u043e\u043c\u0443 \u0456 \u043f\u0435\u0440\u043b\u043e\u0432\u043e\u043c\u0443.<\/div>\n<\/div>","protected":false},"excerpt":{"rendered":"<p>EvoSound Sphere Pearl es un llamativo sistema de audio para karaoke en el hogar. Consta de dos sat\u00e9lites esf\u00e9ricos y un subwoofer activo con una potencia total de 390 vatios. EvoSound Sphere Pearl garantiza una reproducci\u00f3n de sonido est\u00e9reo perfecta tanto en fiestas de karaoke como al ver pel\u00edculas y escuchar m\u00fasica. El sistema de [&hellip;]<\/p>","protected":false},"featured_media":311,"comment_status":"open","ping_status":"closed","template":"","meta":[],"product_brand":[],"product_cat":[32],"product_tag":[],"class_list":{"0":"post-310","1":"product","2":"type-product","3":"status-publish","4":"has-post-thumbnail","6":"product_cat-evosound-sphere-black","8":"first","9":"instock","10":"sale","11":"shipping-taxable","12":"purchasable","13":"product-type-variable"},"yoast_head":"<!-- This site is optimized with the Yoast SEO plugin v26.5 - https:\/\/yoast.com\/wordpress\/plugins\/seo\/ -->\n<title>Sistema de audio para karaoke EvoSound Sphere Black - Karaoke<\/title>\n<meta name=\"robots\" content=\"index, follow, max-snippet:-1, max-image-preview:large, max-video-preview:-1\" \/>\n<link rel=\"canonical\" href=\"https:\/\/karaoke-spain.eu\/uk\/product\/evosound-sphere-black\/\" \/>\n<meta property=\"og:locale\" content=\"uk_UA\" \/>\n<meta property=\"og:type\" content=\"article\" \/>\n<meta property=\"og:title\" content=\"Sistema de audio para karaoke EvoSound Sphere Black - Karaoke\" \/>\n<meta property=\"og:description\" content=\"EvoSound Sphere Pearl es un llamativo sistema de audio para karaoke en el hogar. Consta de dos sat\u00e9lites esf\u00e9ricos y un subwoofer activo con una potencia total de 390 vatios. EvoSound Sphere Pearl garantiza una reproducci\u00f3n de sonido est\u00e9reo perfecta tanto en fiestas de karaoke como al ver pel\u00edculas y escuchar m\u00fasica. El sistema de [&hellip;]\" \/>\n<meta property=\"og:url\" content=\"https:\/\/karaoke-spain.eu\/uk\/product\/evosound-sphere-black\/\" \/>\n<meta property=\"og:site_name\" content=\"Karaoke\" \/>\n<meta property=\"article:modified_time\" content=\"2025-12-11T10:33:53+00:00\" \/>\n<meta property=\"og:image\" content=\"https:\/\/karaoke-spain.eu\/wp-content\/uploads\/2025\/12\/1-EvoSound-Sphere-Bl.jpg\" \/>\n\t<meta property=\"og:image:width\" content=\"600\" \/>\n\t<meta property=\"og:image:height\" content=\"600\" \/>\n\t<meta property=\"og:image:type\" content=\"image\/jpeg\" \/>\n<meta name=\"twitter:card\" content=\"summary_large_image\" \/>\n<meta name=\"twitter:label1\" content=\"\u041f\u0440\u0438\u0431\u043b. \u0447\u0430\u0441 \u0447\u0438\u0442\u0430\u043d\u043d\u044f\" \/>\n\t<meta name=\"twitter:data1\" content=\"1 \u0445\u0432\u0438\u043b\u0438\u043d\u0430\" \/>\n<script type=\"application\/ld+json\" class=\"yoast-schema-graph\">{\"@context\":\"https:\/\/schema.org\",\"@graph\":[{\"@type\":\"WebPage\",\"@id\":\"https:\/\/karaoke-spain.eu\/producto\/evosound-sphere-black\/\",\"url\":\"https:\/\/karaoke-spain.eu\/producto\/evosound-sphere-black\/\",\"name\":\"Sistema de audio para karaoke EvoSound Sphere Black - Karaoke\",\"isPartOf\":{\"@id\":\"https:\/\/karaoke-spain.eu\/#website\"},\"primaryImageOfPage\":{\"@id\":\"https:\/\/karaoke-spain.eu\/producto\/evosound-sphere-black\/#primaryimage\"},\"image\":{\"@id\":\"https:\/\/karaoke-spain.eu\/producto\/evosound-sphere-black\/#primaryimage\"},\"thumbnailUrl\":\"https:\/\/karaoke-spain.eu\/wp-content\/uploads\/2025\/12\/1-EvoSound-Sphere-Bl.jpg\",\"datePublished\":\"2025-12-11T10:15:10+00:00\",\"dateModified\":\"2025-12-11T10:33:53+00:00\",\"breadcrumb\":{\"@id\":\"https:\/\/karaoke-spain.eu\/producto\/evosound-sphere-black\/#breadcrumb\"},\"inLanguage\":\"uk\",\"potentialAction\":[{\"@type\":\"ReadAction\",\"target\":[\"https:\/\/karaoke-spain.eu\/producto\/evosound-sphere-black\/\"]}]},{\"@type\":\"ImageObject\",\"inLanguage\":\"uk\",\"@id\":\"https:\/\/karaoke-spain.eu\/producto\/evosound-sphere-black\/#primaryimage\",\"url\":\"https:\/\/karaoke-spain.eu\/wp-content\/uploads\/2025\/12\/1-EvoSound-Sphere-Bl.jpg\",\"contentUrl\":\"https:\/\/karaoke-spain.eu\/wp-content\/uploads\/2025\/12\/1-EvoSound-Sphere-Bl.jpg\",\"width\":600,\"height\":600},{\"@type\":\"BreadcrumbList\",\"@id\":\"https:\/\/karaoke-spain.eu\/producto\/evosound-sphere-black\/#breadcrumb\",\"itemListElement\":[{\"@type\":\"ListItem\",\"position\":1,\"name\":\"Home\",\"item\":\"https:\/\/karaoke-spain.eu\/\"},{\"@type\":\"ListItem\",\"position\":2,\"name\":\"Tienda\",\"item\":\"https:\/\/karaoke-spain.eu\/tienda\/\"},{\"@type\":\"ListItem\",\"position\":3,\"name\":\"Sistema de audio para karaoke EvoSound Sphere Black\"}]},{\"@type\":\"WebSite\",\"@id\":\"https:\/\/karaoke-spain.eu\/#website\",\"url\":\"https:\/\/karaoke-spain.eu\/\",\"name\":\"Karaoke\",\"description\":\"\",\"publisher\":{\"@id\":\"https:\/\/karaoke-spain.eu\/#organization\"},\"potentialAction\":[{\"@type\":\"SearchAction\",\"target\":{\"@type\":\"EntryPoint\",\"urlTemplate\":\"https:\/\/karaoke-spain.eu\/?s={search_term_string}\"},\"query-input\":{\"@type\":\"PropertyValueSpecification\",\"valueRequired\":true,\"valueName\":\"search_term_string\"}}],\"inLanguage\":\"uk\"},{\"@type\":\"Organization\",\"@id\":\"https:\/\/karaoke-spain.eu\/#organization\",\"name\":\"Karaoke\",\"url\":\"https:\/\/karaoke-spain.eu\/\",\"logo\":{\"@type\":\"ImageObject\",\"inLanguage\":\"uk\",\"@id\":\"https:\/\/karaoke-spain.eu\/#\/schema\/logo\/image\/\",\"url\":\"https:\/\/karaoke-spain.eu\/wp-content\/uploads\/2025\/12\/cropped-logo2.png\",\"contentUrl\":\"https:\/\/karaoke-spain.eu\/wp-content\/uploads\/2025\/12\/cropped-logo2.png\",\"width\":1678,\"height\":283,\"caption\":\"Karaoke\"},\"image\":{\"@id\":\"https:\/\/karaoke-spain.eu\/#\/schema\/logo\/image\/\"}}]}<\/script>\n<!-- \/ Yoast SEO plugin. -->","yoast_head_json":{"title":"Sistema de audio para karaoke EvoSound Sphere Black - Karaoke","robots":{"index":"index","follow":"follow","max-snippet":"max-snippet:-1","max-image-preview":"max-image-preview:large","max-video-preview":"max-video-preview:-1"},"canonical":"https:\/\/karaoke-spain.eu\/uk\/product\/evosound-sphere-black\/","og_locale":"uk_UA","og_type":"article","og_title":"Sistema de audio para karaoke EvoSound Sphere Black - Karaoke","og_description":"EvoSound Sphere Pearl es un llamativo sistema de audio para karaoke en el hogar. Consta de dos sat\u00e9lites esf\u00e9ricos y un subwoofer activo con una potencia total de 390 vatios. EvoSound Sphere Pearl garantiza una reproducci\u00f3n de sonido est\u00e9reo perfecta tanto en fiestas de karaoke como al ver pel\u00edculas y escuchar m\u00fasica. El sistema de [&hellip;]","og_url":"https:\/\/karaoke-spain.eu\/uk\/product\/evosound-sphere-black\/","og_site_name":"Karaoke","article_modified_time":"2025-12-11T10:33:53+00:00","og_image":[{"width":600,"height":600,"url":"https:\/\/karaoke-spain.eu\/wp-content\/uploads\/2025\/12\/1-EvoSound-Sphere-Bl.jpg","type":"image\/jpeg"}],"twitter_card":"summary_large_image","twitter_misc":{"\u041f\u0440\u0438\u0431\u043b. \u0447\u0430\u0441 \u0447\u0438\u0442\u0430\u043d\u043d\u044f":"1 \u0445\u0432\u0438\u043b\u0438\u043d\u0430"},"schema":{"@context":"https:\/\/schema.org","@graph":[{"@type":"WebPage","@id":"https:\/\/karaoke-spain.eu\/producto\/evosound-sphere-black\/","url":"https:\/\/karaoke-spain.eu\/producto\/evosound-sphere-black\/","name":"Sistema de audio para karaoke EvoSound Sphere Black - Karaoke","isPartOf":{"@id":"https:\/\/karaoke-spain.eu\/#website"},"primaryImageOfPage":{"@id":"https:\/\/karaoke-spain.eu\/producto\/evosound-sphere-black\/#primaryimage"},"image":{"@id":"https:\/\/karaoke-spain.eu\/producto\/evosound-sphere-black\/#primaryimage"},"thumbnailUrl":"https:\/\/karaoke-spain.eu\/wp-content\/uploads\/2025\/12\/1-EvoSound-Sphere-Bl.jpg","datePublished":"2025-12-11T10:15:10+00:00","dateModified":"2025-12-11T10:33:53+00:00","breadcrumb":{"@id":"https:\/\/karaoke-spain.eu\/producto\/evosound-sphere-black\/#breadcrumb"},"inLanguage":"uk","potentialAction":[{"@type":"ReadAction","target":["https:\/\/karaoke-spain.eu\/producto\/evosound-sphere-black\/"]}]},{"@type":"ImageObject","inLanguage":"uk","@id":"https:\/\/karaoke-spain.eu\/producto\/evosound-sphere-black\/#primaryimage","url":"https:\/\/karaoke-spain.eu\/wp-content\/uploads\/2025\/12\/1-EvoSound-Sphere-Bl.jpg","contentUrl":"https:\/\/karaoke-spain.eu\/wp-content\/uploads\/2025\/12\/1-EvoSound-Sphere-Bl.jpg","width":600,"height":600},{"@type":"BreadcrumbList","@id":"https:\/\/karaoke-spain.eu\/producto\/evosound-sphere-black\/#breadcrumb","itemListElement":[{"@type":"ListItem","position":1,"name":"Home","item":"https:\/\/karaoke-spain.eu\/"},{"@type":"ListItem","position":2,"name":"Tienda","item":"https:\/\/karaoke-spain.eu\/tienda\/"},{"@type":"ListItem","position":3,"name":"Sistema de audio para karaoke EvoSound Sphere Black"}]},{"@type":"WebSite","@id":"https:\/\/karaoke-spain.eu\/#website","url":"https:\/\/karaoke-spain.eu\/","name":"Karaoke","description":"","publisher":{"@id":"https:\/\/karaoke-spain.eu\/#organization"},"potentialAction":[{"@type":"SearchAction","target":{"@type":"EntryPoint","urlTemplate":"https:\/\/karaoke-spain.eu\/?s={search_term_string}"},"query-input":{"@type":"PropertyValueSpecification","valueRequired":true,"valueName":"search_term_string"}}],"inLanguage":"uk"},{"@type":"Organization","@id":"https:\/\/karaoke-spain.eu\/#organization","name":"Karaoke","url":"https:\/\/karaoke-spain.eu\/","logo":{"@type":"ImageObject","inLanguage":"uk","@id":"https:\/\/karaoke-spain.eu\/#\/schema\/logo\/image\/","url":"https:\/\/karaoke-spain.eu\/wp-content\/uploads\/2025\/12\/cropped-logo2.png","contentUrl":"https:\/\/karaoke-spain.eu\/wp-content\/uploads\/2025\/12\/cropped-logo2.png","width":1678,"height":283,"caption":"Karaoke"},"image":{"@id":"https:\/\/karaoke-spain.eu\/#\/schema\/logo\/image\/"}}]}},"_links":{"self":[{"href":"https:\/\/karaoke-spain.eu\/uk\/wp-json\/wp\/v2\/product\/310","targetHints":{"allow":["GET"]}}],"collection":[{"href":"https:\/\/karaoke-spain.eu\/uk\/wp-json\/wp\/v2\/product"}],"about":[{"href":"https:\/\/karaoke-spain.eu\/uk\/wp-json\/wp\/v2\/types\/product"}],"replies":[{"embeddable":true,"href":"https:\/\/karaoke-spain.eu\/uk\/wp-json\/wp\/v2\/comments?post=310"}],"version-history":[{"count":1,"href":"https:\/\/karaoke-spain.eu\/uk\/wp-json\/wp\/v2\/product\/310\/revisions"}],"predecessor-version":[{"id":321,"href":"https:\/\/karaoke-spain.eu\/uk\/wp-json\/wp\/v2\/product\/310\/revisions\/321"}],"wp:featuredmedia":[{"embeddable":true,"href":"https:\/\/karaoke-spain.eu\/uk\/wp-json\/wp\/v2\/media\/311"}],"wp:attachment":[{"href":"https:\/\/karaoke-spain.eu\/uk\/wp-json\/wp\/v2\/media?parent=310"}],"wp:term":[{"taxonomy":"product_brand","embeddable":true,"href":"https:\/\/karaoke-spain.eu\/uk\/wp-json\/wp\/v2\/product_brand?post=310"},{"taxonomy":"product_cat","embeddable":true,"href":"https:\/\/karaoke-spain.eu\/uk\/wp-json\/wp\/v2\/product_cat?post=310"},{"taxonomy":"product_tag","embeddable":true,"href":"https:\/\/karaoke-spain.eu\/uk\/wp-json\/wp\/v2\/product_tag?post=310"}],"curies":[{"name":"wp","href":"https:\/\/api.w.org\/{rel}","templated":true}]}}