{"id":274,"date":"2025-12-10T13:40:31","date_gmt":"2025-12-10T13:40:31","guid":{"rendered":"https:\/\/karaoke-spain.eu\/?post_type=product&#038;p=274"},"modified":"2025-12-10T13:51:42","modified_gmt":"2025-12-10T13:51:42","slug":"microphones-se-200d","status":"publish","type":"product","link":"https:\/\/karaoke-spain.eu\/uk\/product\/microphones-se-200d\/","title":{"rendered":"\u0426\u0438\u0444\u0440\u043e\u0432\u0456 \u043c\u0456\u043a\u0440\u043e\u0444\u043e\u043d\u0438 \u0434\u043b\u044f \u043a\u0430\u0440\u0430\u043e\u043a\u0435 SE \u2022 200D"},"content":{"rendered":"<div class=\"t396__elem tn-elem tn-elem__5638196851672140774443 t-animate t-animate_started\" data-elem-id=\"1672140774443\" data-elem-type=\"text\" data-field-top-value=\"530\" data-field-left-value=\"620\" data-field-width-value=\"500\" data-field-axisy-value=\"top\" data-field-axisx-value=\"left\" data-field-container-value=\"grid\" data-field-topunits-value=\"px\" data-field-leftunits-value=\"px\" data-field-heightunits-value=\"\" data-field-widthunits-value=\"px\" data-animate-style=\"fadeinup\" data-animate-duration=\"1.4\" data-animate-distance=\"100\" data-field-top-res-320-value=\"994\" data-field-left-res-320-value=\"-28\" data-field-width-res-320-value=\"329\" data-field-top-res-480-value=\"985\" data-field-width-res-480-value=\"438\" data-field-top-res-640-value=\"1150\" data-field-left-res-640-value=\"10\" data-field-width-res-640-value=\"554\" data-field-top-res-960-value=\"560\" data-field-left-res-960-value=\"490\" data-fields=\"top,left,width,height,container,axisx,axisy,widthunits,leftunits,topunits\" data-observer-ready=\"true\">\n<div class=\"tn-atom\">\u0417\u0431\u0430\u043b\u0430\u043d\u0441\u043e\u0432\u0430\u043d\u0435 \u043f\u043e\u0454\u0434\u043d\u0430\u043d\u043d\u044f \u0456 \u0442\u0435\u0445\u043d\u043e\u043b\u043e\u0433\u0456\u044f \u0446\u0438\u0444\u0440\u043e\u0432\u043e\u0457 \u043f\u0435\u0440\u0435\u0434\u0430\u0447\u0456 \u0437\u0432\u0443\u043a\u0443, \u0431\u0435\u0437\u0434\u0440\u043e\u0442\u043e\u0432\u0456 \u043c\u0456\u043a\u0440\u043e\u0444\u043e\u043d\u0438 200D \u0437\u0430\u0431\u0435\u0437\u043f\u0435\u0447\u0443\u044e\u0442\u044c \u0456\u0434\u0435\u0430\u043b\u044c\u043d\u0438\u0439 \u0437\u0432\u0443\u043a \u0434\u043b\u044f \u0432\u0430\u0448\u043e\u0433\u043e \u0433\u043e\u043b\u043e\u0441\u0443. \u0417 \u043c\u0456\u043a\u0440\u043e\u0444\u043e\u043d\u0430\u043c\u0438 Studio Evolution \u0432\u0430\u0448\u0430 \u043a\u0430\u0440\u0430\u043e\u043a\u0435-\u0432\u0435\u0447\u0456\u0440\u043a\u0430 \u043f\u0435\u0440\u0435\u0442\u0432\u043e\u0440\u0438\u0442\u044c\u0441\u044f \u0432 \u0441\u043f\u0440\u0430\u0432\u0436\u043d\u0456\u0439 \u043a\u043e\u043d\u0446\u0435\u0440\u0442! \u0412\u0431\u0443\u0434\u043e\u0432\u0430\u043d\u0456 \u0431\u0430\u0442\u0430\u0440\u0435\u0439\u043a\u0438 \u0434\u043e\u0437\u0432\u043e\u043b\u044f\u0442\u044c \u0432\u0430\u043c \u0441\u043f\u0456\u0432\u0430\u0442\u0438 \u0432\u0456\u0434 \u0437\u0430\u0445\u043e\u0434\u0443 \u0434\u043e \u0441\u0432\u0456\u0442\u0430\u043d\u043a\u0443 \u043f\u0440\u043e\u0442\u044f\u0433\u043e\u043c 9 \u0433\u043e\u0434\u0438\u043d \u0431\u0435\u0437 \u043f\u0435\u0440\u0435\u0440\u0432\u0438.<\/div>\n<\/div>","protected":false},"excerpt":{"rendered":"<p>\u0417\u0431\u0430\u043b\u0430\u043d\u0441\u043e\u0432\u0430\u043d\u0435 \u043f\u043e\u0454\u0434\u043d\u0430\u043d\u043d\u044f \u0456 \u0442\u0435\u0445\u043d\u043e\u043b\u043e\u0433\u0456\u044f \u0446\u0438\u0444\u0440\u043e\u0432\u043e\u0457 \u043f\u0435\u0440\u0435\u0434\u0430\u0447\u0456 \u0437\u0432\u0443\u043a\u0443, \u0431\u0435\u0437\u0434\u0440\u043e\u0442\u043e\u0432\u0456 \u043c\u0456\u043a\u0440\u043e\u0444\u043e\u043d\u0438 200D \u0437\u0430\u0431\u0435\u0437\u043f\u0435\u0447\u0443\u044e\u0442\u044c \u0456\u0434\u0435\u0430\u043b\u044c\u043d\u0438\u0439 \u0437\u0432\u0443\u043a \u0434\u043b\u044f \u0432\u0430\u0448\u043e\u0433\u043e \u0433\u043e\u043b\u043e\u0441\u0443. \u0417 \u043c\u0456\u043a\u0440\u043e\u0444\u043e\u043d\u0430\u043c\u0438 Studio Evolution \u0432\u0430\u0448\u0430 \u043a\u0430\u0440\u0430\u043e\u043a\u0435-\u0432\u0435\u0447\u0456\u0440\u043a\u0430 \u043f\u0435\u0440\u0435\u0442\u0432\u043e\u0440\u0438\u0442\u044c\u0441\u044f \u0432 \u0441\u043f\u0440\u0430\u0432\u0436\u043d\u0456\u0439 \u043a\u043e\u043d\u0446\u0435\u0440\u0442! \u0412\u0431\u0443\u0434\u043e\u0432\u0430\u043d\u0456 \u0431\u0430\u0442\u0430\u0440\u0435\u0439\u043a\u0438 \u0434\u043e\u0437\u0432\u043e\u043b\u044f\u0442\u044c \u0432\u0430\u043c \u0441\u043f\u0456\u0432\u0430\u0442\u0438 \u0432\u0456\u0434 \u0437\u0430\u0445\u043e\u0434\u0443 \u0434\u043e \u0441\u0432\u0456\u0442\u0430\u043d\u043a\u0443 \u043f\u0440\u043e\u0442\u044f\u0433\u043e\u043c 9 \u0433\u043e\u0434\u0438\u043d \u0431\u0435\u0437 \u043f\u0435\u0440\u0435\u0440\u0432\u0438.<\/p>","protected":false},"featured_media":281,"comment_status":"open","ping_status":"closed","template":"","meta":[],"product_brand":[],"product_cat":[15,30],"product_tag":[],"class_list":{"0":"post-274","1":"product","2":"type-product","3":"status-publish","4":"has-post-thumbnail","6":"product_cat-sin-categorizar","7":"product_cat-200d","9":"first","10":"instock","11":"sale","12":"shipping-taxable","13":"purchasable","14":"product-type-simple"},"yoast_head":"<!-- This site is optimized with the Yoast SEO plugin v26.5 - https:\/\/yoast.com\/wordpress\/plugins\/seo\/ -->\n<title>Micr\u00f3fonos digitales para karaoke SE \u2022 200D - Karaoke<\/title>\n<meta name=\"robots\" content=\"index, follow, max-snippet:-1, max-image-preview:large, max-video-preview:-1\" \/>\n<link rel=\"canonical\" href=\"https:\/\/karaoke-spain.eu\/uk\/product\/microphones-se-200d\/\" \/>\n<meta property=\"og:locale\" content=\"uk_UA\" \/>\n<meta property=\"og:type\" content=\"article\" \/>\n<meta property=\"og:title\" content=\"Micr\u00f3fonos digitales para karaoke SE \u2022 200D - Karaoke\" \/>\n<meta property=\"og:description\" content=\"Conexi\u00f3n equilibrada y tecnolog\u00eda de transmisi\u00f3n de sonido digital, los micr\u00f3fonos inal\u00e1mbricos SE \u2022 200D garantizan un sonido perfecto para tu voz. \u00a1Con los micr\u00f3fonos de Studio Evolution, tu fiesta de karaoke se convertir\u00e1 en un verdadero concierto! Las bater\u00edas incorporadas te permitir\u00e1n cantar desde el atardecer hasta el amanecer, durante 9 horas sin interrupci\u00f3n.\" \/>\n<meta property=\"og:url\" content=\"https:\/\/karaoke-spain.eu\/uk\/product\/microphones-se-200d\/\" \/>\n<meta property=\"og:site_name\" content=\"Karaoke\" \/>\n<meta property=\"article:modified_time\" content=\"2025-12-10T13:51:42+00:00\" \/>\n<meta property=\"og:image\" content=\"https:\/\/karaoke-spain.eu\/wp-content\/uploads\/2025\/12\/1-Digital-Microphone.jpg\" \/>\n\t<meta property=\"og:image:width\" content=\"600\" \/>\n\t<meta property=\"og:image:height\" content=\"600\" \/>\n\t<meta property=\"og:image:type\" content=\"image\/jpeg\" \/>\n<meta name=\"twitter:card\" content=\"summary_large_image\" \/>\n<meta name=\"twitter:label1\" content=\"\u041f\u0440\u0438\u0431\u043b. \u0447\u0430\u0441 \u0447\u0438\u0442\u0430\u043d\u043d\u044f\" \/>\n\t<meta name=\"twitter:data1\" content=\"1 \u0445\u0432\u0438\u043b\u0438\u043d\u0430\" \/>\n<script type=\"application\/ld+json\" class=\"yoast-schema-graph\">{\"@context\":\"https:\/\/schema.org\",\"@graph\":[{\"@type\":\"WebPage\",\"@id\":\"https:\/\/karaoke-spain.eu\/producto\/microphones-se-200d\/\",\"url\":\"https:\/\/karaoke-spain.eu\/producto\/microphones-se-200d\/\",\"name\":\"Micr\u00f3fonos digitales para karaoke SE \u2022 200D - Karaoke\",\"isPartOf\":{\"@id\":\"https:\/\/karaoke-spain.eu\/#website\"},\"primaryImageOfPage\":{\"@id\":\"https:\/\/karaoke-spain.eu\/producto\/microphones-se-200d\/#primaryimage\"},\"image\":{\"@id\":\"https:\/\/karaoke-spain.eu\/producto\/microphones-se-200d\/#primaryimage\"},\"thumbnailUrl\":\"https:\/\/karaoke-spain.eu\/wp-content\/uploads\/2025\/12\/1-Digital-Microphone.jpg\",\"datePublished\":\"2025-12-10T13:40:31+00:00\",\"dateModified\":\"2025-12-10T13:51:42+00:00\",\"breadcrumb\":{\"@id\":\"https:\/\/karaoke-spain.eu\/producto\/microphones-se-200d\/#breadcrumb\"},\"inLanguage\":\"uk\",\"potentialAction\":[{\"@type\":\"ReadAction\",\"target\":[\"https:\/\/karaoke-spain.eu\/producto\/microphones-se-200d\/\"]}]},{\"@type\":\"ImageObject\",\"inLanguage\":\"uk\",\"@id\":\"https:\/\/karaoke-spain.eu\/producto\/microphones-se-200d\/#primaryimage\",\"url\":\"https:\/\/karaoke-spain.eu\/wp-content\/uploads\/2025\/12\/1-Digital-Microphone.jpg\",\"contentUrl\":\"https:\/\/karaoke-spain.eu\/wp-content\/uploads\/2025\/12\/1-Digital-Microphone.jpg\",\"width\":600,\"height\":600},{\"@type\":\"BreadcrumbList\",\"@id\":\"https:\/\/karaoke-spain.eu\/producto\/microphones-se-200d\/#breadcrumb\",\"itemListElement\":[{\"@type\":\"ListItem\",\"position\":1,\"name\":\"Home\",\"item\":\"https:\/\/karaoke-spain.eu\/\"},{\"@type\":\"ListItem\",\"position\":2,\"name\":\"Tienda\",\"item\":\"https:\/\/karaoke-spain.eu\/tienda\/\"},{\"@type\":\"ListItem\",\"position\":3,\"name\":\"Micr\u00f3fonos digitales para karaoke SE \u2022 200D\"}]},{\"@type\":\"WebSite\",\"@id\":\"https:\/\/karaoke-spain.eu\/#website\",\"url\":\"https:\/\/karaoke-spain.eu\/\",\"name\":\"Karaoke\",\"description\":\"\",\"publisher\":{\"@id\":\"https:\/\/karaoke-spain.eu\/#organization\"},\"potentialAction\":[{\"@type\":\"SearchAction\",\"target\":{\"@type\":\"EntryPoint\",\"urlTemplate\":\"https:\/\/karaoke-spain.eu\/?s={search_term_string}\"},\"query-input\":{\"@type\":\"PropertyValueSpecification\",\"valueRequired\":true,\"valueName\":\"search_term_string\"}}],\"inLanguage\":\"uk\"},{\"@type\":\"Organization\",\"@id\":\"https:\/\/karaoke-spain.eu\/#organization\",\"name\":\"Karaoke\",\"url\":\"https:\/\/karaoke-spain.eu\/\",\"logo\":{\"@type\":\"ImageObject\",\"inLanguage\":\"uk\",\"@id\":\"https:\/\/karaoke-spain.eu\/#\/schema\/logo\/image\/\",\"url\":\"https:\/\/karaoke-spain.eu\/wp-content\/uploads\/2025\/12\/cropped-logo2.png\",\"contentUrl\":\"https:\/\/karaoke-spain.eu\/wp-content\/uploads\/2025\/12\/cropped-logo2.png\",\"width\":1678,\"height\":283,\"caption\":\"Karaoke\"},\"image\":{\"@id\":\"https:\/\/karaoke-spain.eu\/#\/schema\/logo\/image\/\"}}]}<\/script>\n<!-- \/ Yoast SEO plugin. -->","yoast_head_json":{"title":"Micr\u00f3fonos digitales para karaoke SE \u2022 200D - Karaoke","robots":{"index":"index","follow":"follow","max-snippet":"max-snippet:-1","max-image-preview":"max-image-preview:large","max-video-preview":"max-video-preview:-1"},"canonical":"https:\/\/karaoke-spain.eu\/uk\/product\/microphones-se-200d\/","og_locale":"uk_UA","og_type":"article","og_title":"Micr\u00f3fonos digitales para karaoke SE \u2022 200D - Karaoke","og_description":"Conexi\u00f3n equilibrada y tecnolog\u00eda de transmisi\u00f3n de sonido digital, los micr\u00f3fonos inal\u00e1mbricos SE \u2022 200D garantizan un sonido perfecto para tu voz. \u00a1Con los micr\u00f3fonos de Studio Evolution, tu fiesta de karaoke se convertir\u00e1 en un verdadero concierto! Las bater\u00edas incorporadas te permitir\u00e1n cantar desde el atardecer hasta el amanecer, durante 9 horas sin interrupci\u00f3n.","og_url":"https:\/\/karaoke-spain.eu\/uk\/product\/microphones-se-200d\/","og_site_name":"Karaoke","article_modified_time":"2025-12-10T13:51:42+00:00","og_image":[{"width":600,"height":600,"url":"https:\/\/karaoke-spain.eu\/wp-content\/uploads\/2025\/12\/1-Digital-Microphone.jpg","type":"image\/jpeg"}],"twitter_card":"summary_large_image","twitter_misc":{"\u041f\u0440\u0438\u0431\u043b. \u0447\u0430\u0441 \u0447\u0438\u0442\u0430\u043d\u043d\u044f":"1 \u0445\u0432\u0438\u043b\u0438\u043d\u0430"},"schema":{"@context":"https:\/\/schema.org","@graph":[{"@type":"WebPage","@id":"https:\/\/karaoke-spain.eu\/producto\/microphones-se-200d\/","url":"https:\/\/karaoke-spain.eu\/producto\/microphones-se-200d\/","name":"Micr\u00f3fonos digitales para karaoke SE \u2022 200D - Karaoke","isPartOf":{"@id":"https:\/\/karaoke-spain.eu\/#website"},"primaryImageOfPage":{"@id":"https:\/\/karaoke-spain.eu\/producto\/microphones-se-200d\/#primaryimage"},"image":{"@id":"https:\/\/karaoke-spain.eu\/producto\/microphones-se-200d\/#primaryimage"},"thumbnailUrl":"https:\/\/karaoke-spain.eu\/wp-content\/uploads\/2025\/12\/1-Digital-Microphone.jpg","datePublished":"2025-12-10T13:40:31+00:00","dateModified":"2025-12-10T13:51:42+00:00","breadcrumb":{"@id":"https:\/\/karaoke-spain.eu\/producto\/microphones-se-200d\/#breadcrumb"},"inLanguage":"uk","potentialAction":[{"@type":"ReadAction","target":["https:\/\/karaoke-spain.eu\/producto\/microphones-se-200d\/"]}]},{"@type":"ImageObject","inLanguage":"uk","@id":"https:\/\/karaoke-spain.eu\/producto\/microphones-se-200d\/#primaryimage","url":"https:\/\/karaoke-spain.eu\/wp-content\/uploads\/2025\/12\/1-Digital-Microphone.jpg","contentUrl":"https:\/\/karaoke-spain.eu\/wp-content\/uploads\/2025\/12\/1-Digital-Microphone.jpg","width":600,"height":600},{"@type":"BreadcrumbList","@id":"https:\/\/karaoke-spain.eu\/producto\/microphones-se-200d\/#breadcrumb","itemListElement":[{"@type":"ListItem","position":1,"name":"Home","item":"https:\/\/karaoke-spain.eu\/"},{"@type":"ListItem","position":2,"name":"Tienda","item":"https:\/\/karaoke-spain.eu\/tienda\/"},{"@type":"ListItem","position":3,"name":"Micr\u00f3fonos digitales para karaoke SE \u2022 200D"}]},{"@type":"WebSite","@id":"https:\/\/karaoke-spain.eu\/#website","url":"https:\/\/karaoke-spain.eu\/","name":"Karaoke","description":"","publisher":{"@id":"https:\/\/karaoke-spain.eu\/#organization"},"potentialAction":[{"@type":"SearchAction","target":{"@type":"EntryPoint","urlTemplate":"https:\/\/karaoke-spain.eu\/?s={search_term_string}"},"query-input":{"@type":"PropertyValueSpecification","valueRequired":true,"valueName":"search_term_string"}}],"inLanguage":"uk"},{"@type":"Organization","@id":"https:\/\/karaoke-spain.eu\/#organization","name":"Karaoke","url":"https:\/\/karaoke-spain.eu\/","logo":{"@type":"ImageObject","inLanguage":"uk","@id":"https:\/\/karaoke-spain.eu\/#\/schema\/logo\/image\/","url":"https:\/\/karaoke-spain.eu\/wp-content\/uploads\/2025\/12\/cropped-logo2.png","contentUrl":"https:\/\/karaoke-spain.eu\/wp-content\/uploads\/2025\/12\/cropped-logo2.png","width":1678,"height":283,"caption":"Karaoke"},"image":{"@id":"https:\/\/karaoke-spain.eu\/#\/schema\/logo\/image\/"}}]}},"_links":{"self":[{"href":"https:\/\/karaoke-spain.eu\/uk\/wp-json\/wp\/v2\/product\/274","targetHints":{"allow":["GET"]}}],"collection":[{"href":"https:\/\/karaoke-spain.eu\/uk\/wp-json\/wp\/v2\/product"}],"about":[{"href":"https:\/\/karaoke-spain.eu\/uk\/wp-json\/wp\/v2\/types\/product"}],"replies":[{"embeddable":true,"href":"https:\/\/karaoke-spain.eu\/uk\/wp-json\/wp\/v2\/comments?post=274"}],"version-history":[{"count":3,"href":"https:\/\/karaoke-spain.eu\/uk\/wp-json\/wp\/v2\/product\/274\/revisions"}],"predecessor-version":[{"id":280,"href":"https:\/\/karaoke-spain.eu\/uk\/wp-json\/wp\/v2\/product\/274\/revisions\/280"}],"wp:featuredmedia":[{"embeddable":true,"href":"https:\/\/karaoke-spain.eu\/uk\/wp-json\/wp\/v2\/media\/281"}],"wp:attachment":[{"href":"https:\/\/karaoke-spain.eu\/uk\/wp-json\/wp\/v2\/media?parent=274"}],"wp:term":[{"taxonomy":"product_brand","embeddable":true,"href":"https:\/\/karaoke-spain.eu\/uk\/wp-json\/wp\/v2\/product_brand?post=274"},{"taxonomy":"product_cat","embeddable":true,"href":"https:\/\/karaoke-spain.eu\/uk\/wp-json\/wp\/v2\/product_cat?post=274"},{"taxonomy":"product_tag","embeddable":true,"href":"https:\/\/karaoke-spain.eu\/uk\/wp-json\/wp\/v2\/product_tag?post=274"}],"curies":[{"name":"wp","href":"https:\/\/api.w.org\/{rel}","templated":true}]}}