{"id":235,"date":"2025-12-10T13:03:19","date_gmt":"2025-12-10T13:03:19","guid":{"rendered":"https:\/\/karaoke-spain.eu\/?post_type=product&#038;p=235"},"modified":"2025-12-11T10:39:18","modified_gmt":"2025-12-11T10:39:18","slug":"evobox-premium-black","status":"publish","type":"product","link":"https:\/\/karaoke-spain.eu\/uk\/product\/evobox-premium-black\/","title":{"rendered":"Hi-End \u043a\u0430\u0440\u0430\u043e\u043a\u0435-\u0441\u0438\u0441\u0442\u0435\u043c\u0430\n\u0434\u043b\u044f \u0434\u043e\u043c\u0443 EVOBOX Premium Black"},"content":{"rendered":"<p>EVOBOX Premium Black - \u0446\u0435 \u0432\u0438\u0441\u043e\u043a\u043e\u044f\u043a\u0456\u0441\u043d\u0430 \u043a\u0430\u0440\u0430\u043e\u043a\u0435-\u0441\u0438\u0441\u0442\u0435\u043c\u0430 \u0437 \u043a\u043e\u043c\u043f\u043e\u043d\u0435\u043d\u0442\u0430\u043c\u0438 \u043f\u0440\u0435\u043c\u0456\u0443\u043c-\u043a\u043b\u0430\u0441\u0443, \u043c\u043e\u0436\u043b\u0438\u0432\u0456\u0441\u0442\u044e \u043f\u0456\u0434\u043a\u043b\u044e\u0447\u0435\u043d\u043d\u044f \u0447\u043e\u0442\u0438\u0440\u044c\u043e\u0445 \u043c\u0456\u043a\u0440\u043e\u0444\u043e\u043d\u0456\u0432 \u0456 \u043d\u0435\u043f\u0435\u0440\u0435\u0432\u0435\u0440\u0448\u0435\u043d\u0438\u043c \u0437\u0432\u0443\u0447\u0430\u043d\u043d\u044f\u043c \u043f\u0456\u0441\u0435\u043d\u044c \u0443 \u0444\u043e\u0440\u043c\u0430\u0442\u0456 FLAC. EVOBOX Premium Black \u0432\u0436\u0435 \u0432\u043a\u043b\u044e\u0447\u0430\u0454 \u043f\u043e\u043d\u0430\u0434 69 000 \u043f\u0456\u0441\u0435\u043d\u044c. \u041a\u0440\u0456\u043c \u0442\u043e\u0433\u043e, \u0432\u043b\u0430\u0441\u043d\u0438\u043a\u0438 EVOBOX Premium Black \u043c\u0430\u044e\u0442\u044c \u043c\u043e\u0436\u043b\u0438\u0432\u0456\u0441\u0442\u044c \u043a\u0443\u043f\u0443\u0432\u0430\u0442\u0438 \u043f\u0456\u0441\u043d\u0456 \u043e\u043a\u0440\u0435\u043c\u043e \u0437 \u043f\u043e\u0432\u043d\u043e\u044e \u0431\u0456\u0431\u043b\u0456\u043e\u0442\u0435\u043a\u0438, \u0449\u043e \u043d\u0430\u0440\u0430\u0445\u043e\u0432\u0443\u0454 \u0431\u0456\u043b\u044c\u0448\u0435 80 000 \u043f\u0456\u0441\u0435\u043d\u044c. \u041d\u0430\u0441\u043e\u043b\u043e\u0434\u0436\u0443\u0439\u0442\u0435\u0441\u044c \u0443\u043b\u044e\u0431\u043b\u0435\u043d\u0438\u043c\u0438 \u043f\u0456\u0441\u043d\u044f\u043c\u0438, \u043f\u0440\u043e\u0444\u0435\u0441\u0456\u0439\u043d\u0438\u043c\u0438 \u0444\u0443\u043d\u043a\u0446\u0456\u044f\u043c\u0438 \u0456 \u0437\u0440\u0443\u0447\u043d\u0438\u043c \u0456 \u0441\u0442\u0438\u043b\u044c\u043d\u0438\u043c \u043a\u0430\u0440\u0430\u043e\u043a\u0435 \u0443 \u0441\u0435\u0431\u0435 \u0432\u0434\u043e\u043c\u0430.<\/p>","protected":false},"excerpt":{"rendered":"<p>EVOBOX Premium Black es un Hi-End karaoke system con componentes premium, capacidad para conectar cuatro micr\u00f3fonos y un sonido incomparable de las canciones en formato FLAC. EVOBOX Premium Black ya incluye m\u00e1s de 69,000 canciones. Adem\u00e1s, los propietarios de EVOBOX Premium Black tienen la opci\u00f3n de comprar canciones individualmente de la completa biblioteca de m\u00e1s [&hellip;]<\/p>","protected":false},"featured_media":236,"comment_status":"open","ping_status":"closed","template":"","meta":[],"product_brand":[],"product_cat":[28],"product_tag":[],"class_list":{"0":"post-235","1":"product","2":"type-product","3":"status-publish","4":"has-post-thumbnail","6":"product_cat-evobox-premium","8":"first","9":"instock","10":"sale","11":"shipping-taxable","12":"purchasable","13":"product-type-variable"},"yoast_head":"<!-- This site is optimized with the Yoast SEO plugin v26.5 - https:\/\/yoast.com\/wordpress\/plugins\/seo\/ -->\n<title>Hi-End karaoke system para el hogar EVOBOX Premium - Karaoke<\/title>\n<meta name=\"robots\" content=\"index, follow, max-snippet:-1, max-image-preview:large, max-video-preview:-1\" \/>\n<link rel=\"canonical\" href=\"https:\/\/karaoke-spain.eu\/uk\/product\/evobox-premium-black\/\" \/>\n<meta property=\"og:locale\" content=\"uk_UA\" \/>\n<meta property=\"og:type\" content=\"article\" \/>\n<meta property=\"og:title\" content=\"Hi-End karaoke system para el hogar EVOBOX Premium - Karaoke\" \/>\n<meta property=\"og:description\" content=\"EVOBOX Premium Black es un Hi-End karaoke system con componentes premium, capacidad para conectar cuatro micr\u00f3fonos y un sonido incomparable de las canciones en formato FLAC. EVOBOX Premium Black ya incluye m\u00e1s de 69,000 canciones. Adem\u00e1s, los propietarios de EVOBOX Premium Black tienen la opci\u00f3n de comprar canciones individualmente de la completa biblioteca de m\u00e1s [&hellip;]\" \/>\n<meta property=\"og:url\" content=\"https:\/\/karaoke-spain.eu\/uk\/product\/evobox-premium-black\/\" \/>\n<meta property=\"og:site_name\" content=\"Karaoke\" \/>\n<meta property=\"article:modified_time\" content=\"2025-12-11T10:39:18+00:00\" \/>\n<meta property=\"og:image\" content=\"https:\/\/karaoke-spain.eu\/wp-content\/uploads\/2025\/12\/1-EVOBOX-Premium-Bla.jpg\" \/>\n\t<meta property=\"og:image:width\" content=\"600\" \/>\n\t<meta property=\"og:image:height\" content=\"600\" \/>\n\t<meta property=\"og:image:type\" content=\"image\/jpeg\" \/>\n<meta name=\"twitter:card\" content=\"summary_large_image\" \/>\n<meta name=\"twitter:label1\" content=\"\u041f\u0440\u0438\u0431\u043b. \u0447\u0430\u0441 \u0447\u0438\u0442\u0430\u043d\u043d\u044f\" \/>\n\t<meta name=\"twitter:data1\" content=\"1 \u0445\u0432\u0438\u043b\u0438\u043d\u0430\" \/>\n<script type=\"application\/ld+json\" class=\"yoast-schema-graph\">{\"@context\":\"https:\/\/schema.org\",\"@graph\":[{\"@type\":\"WebPage\",\"@id\":\"https:\/\/karaoke-spain.eu\/producto\/evobox-premium-black\/\",\"url\":\"https:\/\/karaoke-spain.eu\/producto\/evobox-premium-black\/\",\"name\":\"Hi-End karaoke system para el hogar EVOBOX Premium - Karaoke\",\"isPartOf\":{\"@id\":\"https:\/\/karaoke-spain.eu\/#website\"},\"primaryImageOfPage\":{\"@id\":\"https:\/\/karaoke-spain.eu\/producto\/evobox-premium-black\/#primaryimage\"},\"image\":{\"@id\":\"https:\/\/karaoke-spain.eu\/producto\/evobox-premium-black\/#primaryimage\"},\"thumbnailUrl\":\"https:\/\/karaoke-spain.eu\/wp-content\/uploads\/2025\/12\/1-EVOBOX-Premium-Bla.jpg\",\"datePublished\":\"2025-12-10T13:03:19+00:00\",\"dateModified\":\"2025-12-11T10:39:18+00:00\",\"breadcrumb\":{\"@id\":\"https:\/\/karaoke-spain.eu\/producto\/evobox-premium-black\/#breadcrumb\"},\"inLanguage\":\"uk\",\"potentialAction\":[{\"@type\":\"ReadAction\",\"target\":[\"https:\/\/karaoke-spain.eu\/producto\/evobox-premium-black\/\"]}]},{\"@type\":\"ImageObject\",\"inLanguage\":\"uk\",\"@id\":\"https:\/\/karaoke-spain.eu\/producto\/evobox-premium-black\/#primaryimage\",\"url\":\"https:\/\/karaoke-spain.eu\/wp-content\/uploads\/2025\/12\/1-EVOBOX-Premium-Bla.jpg\",\"contentUrl\":\"https:\/\/karaoke-spain.eu\/wp-content\/uploads\/2025\/12\/1-EVOBOX-Premium-Bla.jpg\",\"width\":600,\"height\":600},{\"@type\":\"BreadcrumbList\",\"@id\":\"https:\/\/karaoke-spain.eu\/producto\/evobox-premium-black\/#breadcrumb\",\"itemListElement\":[{\"@type\":\"ListItem\",\"position\":1,\"name\":\"Home\",\"item\":\"https:\/\/karaoke-spain.eu\/\"},{\"@type\":\"ListItem\",\"position\":2,\"name\":\"Tienda\",\"item\":\"https:\/\/karaoke-spain.eu\/tienda\/\"},{\"@type\":\"ListItem\",\"position\":3,\"name\":\"Hi-End karaoke system para el hogar EVOBOX Premium\"}]},{\"@type\":\"WebSite\",\"@id\":\"https:\/\/karaoke-spain.eu\/#website\",\"url\":\"https:\/\/karaoke-spain.eu\/\",\"name\":\"Karaoke\",\"description\":\"\",\"publisher\":{\"@id\":\"https:\/\/karaoke-spain.eu\/#organization\"},\"potentialAction\":[{\"@type\":\"SearchAction\",\"target\":{\"@type\":\"EntryPoint\",\"urlTemplate\":\"https:\/\/karaoke-spain.eu\/?s={search_term_string}\"},\"query-input\":{\"@type\":\"PropertyValueSpecification\",\"valueRequired\":true,\"valueName\":\"search_term_string\"}}],\"inLanguage\":\"uk\"},{\"@type\":\"Organization\",\"@id\":\"https:\/\/karaoke-spain.eu\/#organization\",\"name\":\"Karaoke\",\"url\":\"https:\/\/karaoke-spain.eu\/\",\"logo\":{\"@type\":\"ImageObject\",\"inLanguage\":\"uk\",\"@id\":\"https:\/\/karaoke-spain.eu\/#\/schema\/logo\/image\/\",\"url\":\"https:\/\/karaoke-spain.eu\/wp-content\/uploads\/2025\/12\/cropped-logo2.png\",\"contentUrl\":\"https:\/\/karaoke-spain.eu\/wp-content\/uploads\/2025\/12\/cropped-logo2.png\",\"width\":1678,\"height\":283,\"caption\":\"Karaoke\"},\"image\":{\"@id\":\"https:\/\/karaoke-spain.eu\/#\/schema\/logo\/image\/\"}}]}<\/script>\n<!-- \/ Yoast SEO plugin. -->","yoast_head_json":{"title":"Hi-End karaoke system para el hogar EVOBOX Premium - Karaoke","robots":{"index":"index","follow":"follow","max-snippet":"max-snippet:-1","max-image-preview":"max-image-preview:large","max-video-preview":"max-video-preview:-1"},"canonical":"https:\/\/karaoke-spain.eu\/uk\/product\/evobox-premium-black\/","og_locale":"uk_UA","og_type":"article","og_title":"Hi-End karaoke system para el hogar EVOBOX Premium - Karaoke","og_description":"EVOBOX Premium Black es un Hi-End karaoke system con componentes premium, capacidad para conectar cuatro micr\u00f3fonos y un sonido incomparable de las canciones en formato FLAC. EVOBOX Premium Black ya incluye m\u00e1s de 69,000 canciones. Adem\u00e1s, los propietarios de EVOBOX Premium Black tienen la opci\u00f3n de comprar canciones individualmente de la completa biblioteca de m\u00e1s [&hellip;]","og_url":"https:\/\/karaoke-spain.eu\/uk\/product\/evobox-premium-black\/","og_site_name":"Karaoke","article_modified_time":"2025-12-11T10:39:18+00:00","og_image":[{"width":600,"height":600,"url":"https:\/\/karaoke-spain.eu\/wp-content\/uploads\/2025\/12\/1-EVOBOX-Premium-Bla.jpg","type":"image\/jpeg"}],"twitter_card":"summary_large_image","twitter_misc":{"\u041f\u0440\u0438\u0431\u043b. \u0447\u0430\u0441 \u0447\u0438\u0442\u0430\u043d\u043d\u044f":"1 \u0445\u0432\u0438\u043b\u0438\u043d\u0430"},"schema":{"@context":"https:\/\/schema.org","@graph":[{"@type":"WebPage","@id":"https:\/\/karaoke-spain.eu\/producto\/evobox-premium-black\/","url":"https:\/\/karaoke-spain.eu\/producto\/evobox-premium-black\/","name":"Hi-End karaoke system para el hogar EVOBOX Premium - Karaoke","isPartOf":{"@id":"https:\/\/karaoke-spain.eu\/#website"},"primaryImageOfPage":{"@id":"https:\/\/karaoke-spain.eu\/producto\/evobox-premium-black\/#primaryimage"},"image":{"@id":"https:\/\/karaoke-spain.eu\/producto\/evobox-premium-black\/#primaryimage"},"thumbnailUrl":"https:\/\/karaoke-spain.eu\/wp-content\/uploads\/2025\/12\/1-EVOBOX-Premium-Bla.jpg","datePublished":"2025-12-10T13:03:19+00:00","dateModified":"2025-12-11T10:39:18+00:00","breadcrumb":{"@id":"https:\/\/karaoke-spain.eu\/producto\/evobox-premium-black\/#breadcrumb"},"inLanguage":"uk","potentialAction":[{"@type":"ReadAction","target":["https:\/\/karaoke-spain.eu\/producto\/evobox-premium-black\/"]}]},{"@type":"ImageObject","inLanguage":"uk","@id":"https:\/\/karaoke-spain.eu\/producto\/evobox-premium-black\/#primaryimage","url":"https:\/\/karaoke-spain.eu\/wp-content\/uploads\/2025\/12\/1-EVOBOX-Premium-Bla.jpg","contentUrl":"https:\/\/karaoke-spain.eu\/wp-content\/uploads\/2025\/12\/1-EVOBOX-Premium-Bla.jpg","width":600,"height":600},{"@type":"BreadcrumbList","@id":"https:\/\/karaoke-spain.eu\/producto\/evobox-premium-black\/#breadcrumb","itemListElement":[{"@type":"ListItem","position":1,"name":"Home","item":"https:\/\/karaoke-spain.eu\/"},{"@type":"ListItem","position":2,"name":"Tienda","item":"https:\/\/karaoke-spain.eu\/tienda\/"},{"@type":"ListItem","position":3,"name":"Hi-End karaoke system para el hogar EVOBOX Premium"}]},{"@type":"WebSite","@id":"https:\/\/karaoke-spain.eu\/#website","url":"https:\/\/karaoke-spain.eu\/","name":"Karaoke","description":"","publisher":{"@id":"https:\/\/karaoke-spain.eu\/#organization"},"potentialAction":[{"@type":"SearchAction","target":{"@type":"EntryPoint","urlTemplate":"https:\/\/karaoke-spain.eu\/?s={search_term_string}"},"query-input":{"@type":"PropertyValueSpecification","valueRequired":true,"valueName":"search_term_string"}}],"inLanguage":"uk"},{"@type":"Organization","@id":"https:\/\/karaoke-spain.eu\/#organization","name":"Karaoke","url":"https:\/\/karaoke-spain.eu\/","logo":{"@type":"ImageObject","inLanguage":"uk","@id":"https:\/\/karaoke-spain.eu\/#\/schema\/logo\/image\/","url":"https:\/\/karaoke-spain.eu\/wp-content\/uploads\/2025\/12\/cropped-logo2.png","contentUrl":"https:\/\/karaoke-spain.eu\/wp-content\/uploads\/2025\/12\/cropped-logo2.png","width":1678,"height":283,"caption":"Karaoke"},"image":{"@id":"https:\/\/karaoke-spain.eu\/#\/schema\/logo\/image\/"}}]}},"_links":{"self":[{"href":"https:\/\/karaoke-spain.eu\/uk\/wp-json\/wp\/v2\/product\/235","targetHints":{"allow":["GET"]}}],"collection":[{"href":"https:\/\/karaoke-spain.eu\/uk\/wp-json\/wp\/v2\/product"}],"about":[{"href":"https:\/\/karaoke-spain.eu\/uk\/wp-json\/wp\/v2\/types\/product"}],"replies":[{"embeddable":true,"href":"https:\/\/karaoke-spain.eu\/uk\/wp-json\/wp\/v2\/comments?post=235"}],"version-history":[{"count":1,"href":"https:\/\/karaoke-spain.eu\/uk\/wp-json\/wp\/v2\/product\/235\/revisions"}],"predecessor-version":[{"id":243,"href":"https:\/\/karaoke-spain.eu\/uk\/wp-json\/wp\/v2\/product\/235\/revisions\/243"}],"wp:featuredmedia":[{"embeddable":true,"href":"https:\/\/karaoke-spain.eu\/uk\/wp-json\/wp\/v2\/media\/236"}],"wp:attachment":[{"href":"https:\/\/karaoke-spain.eu\/uk\/wp-json\/wp\/v2\/media?parent=235"}],"wp:term":[{"taxonomy":"product_brand","embeddable":true,"href":"https:\/\/karaoke-spain.eu\/uk\/wp-json\/wp\/v2\/product_brand?post=235"},{"taxonomy":"product_cat","embeddable":true,"href":"https:\/\/karaoke-spain.eu\/uk\/wp-json\/wp\/v2\/product_cat?post=235"},{"taxonomy":"product_tag","embeddable":true,"href":"https:\/\/karaoke-spain.eu\/uk\/wp-json\/wp\/v2\/product_tag?post=235"}],"curies":[{"name":"wp","href":"https:\/\/api.w.org\/{rel}","templated":true}]}}