{"id":22,"date":"2025-12-10T08:21:51","date_gmt":"2025-12-10T08:21:51","guid":{"rendered":"https:\/\/karaoke-spain.eu\/?post_type=product&#038;p=22"},"modified":"2025-12-10T14:51:55","modified_gmt":"2025-12-10T14:51:55","slug":"evobox-plus-black","status":"publish","type":"product","link":"https:\/\/karaoke-spain.eu\/uk\/product\/evobox-plus-black\/","title":{"rendered":"\u0414\u043e\u043c\u0430\u0448\u043d\u044f \u043a\u0430\u0440\u0430\u043e\u043a\u0435-\u0441\u0438\u0441\u0442\u0435\u043c\u0430 EVOBOX Plus Black"},"content":{"rendered":"<div class=\"t396__elem tn-elem tn-elem__5638217861672140774443 t-animate t-animate_started\" data-elem-id=\"1672140774443\" data-elem-type=\"text\" data-field-top-value=\"645\" data-field-left-value=\"620\" data-field-width-value=\"500\" data-field-axisy-value=\"top\" data-field-axisx-value=\"left\" data-field-container-value=\"grid\" data-field-topunits-value=\"px\" data-field-leftunits-value=\"px\" data-field-heightunits-value=\"\" data-field-widthunits-value=\"px\" data-animate-style=\"fadeinup\" data-animate-duration=\"1.4\" data-animate-distance=\"100\" data-field-top-res-320-value=\"1080\" data-field-left-res-320-value=\"-30\" data-field-width-res-320-value=\"329\" data-field-top-res-480-value=\"1110\" data-field-width-res-480-value=\"438\" data-field-top-res-640-value=\"1235\" data-field-left-res-640-value=\"10\" data-field-width-res-640-value=\"554\" data-field-top-res-960-value=\"655\" data-field-left-res-960-value=\"490\" data-fields=\"top,left,width,height,container,axisx,axisy,widthunits,leftunits,topunits\" data-observer-ready=\"true\">\n<div class=\"tn-atom\">EVOBOX Plus Black - \u0446\u0435 \u0434\u043e\u043c\u0430\u0448\u043d\u044f \u043a\u0430\u0440\u0430\u043e\u043a\u0435-\u0441\u0438\u0441\u0442\u0435\u043c\u0430 \u0437 \u0432\u0431\u0443\u0434\u043e\u0432\u0430\u043d\u0438\u043c \u043f\u0440\u0438\u0439\u043c\u0430\u0447\u0435\u043c \u0456 \u0446\u0438\u0444\u0440\u043e\u0432\u0438\u043c\u0438 \u043c\u0456\u043a\u0440\u043e\u0444\u043e\u043d\u0430\u043c\u0438 \u0432 \u043a\u043e\u043c\u043f\u043b\u0435\u043a\u0442\u0456. \u0426\u044f \u0435\u043b\u0435\u0433\u0430\u043d\u0442\u043d\u0430 \u0456 \u043a\u043e\u043c\u043f\u0430\u043a\u0442\u043d\u0430 \u0441\u0438\u0441\u0442\u0435\u043c\u0430 \u0456\u0434\u0435\u0430\u043b\u044c\u043d\u043e \u043f\u0456\u0434\u0445\u043e\u0434\u0438\u0442\u044c \u0434\u043b\u044f \u043b\u044e\u0431\u0438\u0442\u0435\u043b\u0456\u0432 \u0441\u0443\u0447\u0430\u0441\u043d\u043e\u0433\u043e \u043a\u0430\u0440\u0430\u043e\u043a\u0435. EVOBOX Plus Black \u0432\u0436\u0435 \u043c\u0456\u0441\u0442\u0438\u0442\u044c \u0431\u0456\u043b\u044c\u0448\u0435 45 000 \u043f\u0456\u0441\u0435\u043d\u044c. \u041c\u0456\u043a\u0440\u043e\u0444\u043e\u043d\u0438 SE \u2022 201D \u0440\u043e\u0437\u0440\u043e\u0431\u043b\u0435\u043d\u0456 \u0441\u043f\u0435\u0446\u0456\u0430\u043b\u044c\u043d\u043e \u0434\u043b\u044f \u043a\u0430\u0440\u0430\u043e\u043a\u0435 \u0456 \u0433\u0430\u0440\u0430\u043d\u0442\u0443\u044e\u0442\u044c \u043a\u0440\u0438\u0448\u0442\u0430\u043b\u0435\u0432\u0443 \u0447\u0438\u0441\u0442\u043e\u0442\u0443 \u0432\u0430\u0448\u043e\u0433\u043e \u0433\u043e\u043b\u043e\u0441\u0443 \u0456 \u043c\u0430\u043a\u0441\u0438\u043c\u0430\u043b\u044c\u043d\u0435 \u0437\u0430\u0434\u043e\u0432\u043e\u043b\u0435\u043d\u043d\u044f \u0432\u0456\u0434 \u0441\u043f\u0456\u0432\u0443.<br \/>\n\u0414\u043e\u043c\u0430\u0448\u043d\u044f \u043a\u0430\u0440\u0430\u043e\u043a\u0435-\u0441\u0438\u0441\u0442\u0435\u043c\u0430 EVOBOX Plus Black \u043f\u043e\u0441\u0442\u0430\u0432\u043b\u044f\u0454\u0442\u044c\u0441\u044f \u0443 \u0444\u0456\u0440\u043c\u043e\u0432\u043e\u043c\u0443 \u043a\u043e\u0440\u043f\u0443\u0441\u0456 EvoCase. \u0426\u0435\u0439 \u0437\u0440\u0443\u0447\u043d\u0438\u0439 \u0444\u0443\u0442\u043b\u044f\u0440 \u0432\u0438\u043a\u043e\u0440\u0438\u0441\u0442\u043e\u0432\u0443\u0454\u0442\u044c\u0441\u044f \u0434\u043b\u044f \u043f\u0435\u0440\u0435\u043d\u0435\u0441\u0435\u043d\u043d\u044f \u0442\u0430 \u0437\u0431\u0435\u0440\u0456\u0433\u0430\u043d\u043d\u044f \u043a\u0430\u0440\u0430\u043e\u043a\u0435. \u0412 \u043d\u044c\u043e\u043c\u0443 \u043c\u043e\u0436\u043d\u0430 \u0431\u0435\u0437\u043f\u0435\u0447\u043d\u043e \u0456 \u043a\u043e\u043c\u043f\u0430\u043a\u0442\u043d\u043e \u0440\u043e\u0437\u043c\u0456\u0441\u0442\u0438\u0442\u0438 \u0432\u0441\u0456 \u043a\u043e\u043c\u043f\u043e\u043d\u0435\u043d\u0442\u0438 EVOBOX Plus Black: \u043a\u0430\u0440\u0430\u043e\u043a\u0435-\u0441\u0438\u0441\u0442\u0435\u043c\u0443, \u043c\u0456\u043a\u0440\u043e\u0444\u043e\u043d\u0438, \u043f\u0443\u043b\u044c\u0442 \u0434\u0438\u0441\u0442\u0430\u043d\u0446\u0456\u0439\u043d\u043e\u0433\u043e \u043a\u0435\u0440\u0443\u0432\u0430\u043d\u043d\u044f, \u043a\u0430\u0431\u0435\u043b\u0456 \u0442\u0430 \u0456\u043d\u0448\u0456 \u0430\u043a\u0441\u0435\u0441\u0443\u0430\u0440\u0438.<\/div>\n<\/div>","protected":false},"excerpt":{"rendered":"<p>EVOBOX Plus Black es un sistema de karaoke dom\u00e9stico con receptor incorporado y micr\u00f3fonos digitales incluidos. Este elegante y compacto sistema es perfecto para los amantes del karaoke moderno. EVOBOX Plus Black ya viene cargado con m\u00e1s de 45,000 canciones. Los micr\u00f3fonos SE \u2022 201D est\u00e1n dise\u00f1ados especialmente para el karaoke y garantizan una claridad [&hellip;]<\/p>","protected":false},"featured_media":29,"comment_status":"open","ping_status":"closed","template":"","meta":[],"product_brand":[],"product_cat":[27],"product_tag":[],"class_list":{"0":"post-22","1":"product","2":"type-product","3":"status-publish","4":"has-post-thumbnail","6":"product_cat-evo-box-blac","8":"first","9":"instock","10":"sale","11":"shipping-taxable","12":"purchasable","13":"product-type-variable"},"yoast_head":"<!-- This site is optimized with the Yoast SEO plugin v26.5 - https:\/\/yoast.com\/wordpress\/plugins\/seo\/ -->\n<title>Sistema de karaoke dom\u00e9stico EVOBOX Plus Black - Karaoke<\/title>\n<meta name=\"robots\" content=\"index, follow, max-snippet:-1, max-image-preview:large, max-video-preview:-1\" \/>\n<link rel=\"canonical\" href=\"https:\/\/karaoke-spain.eu\/uk\/product\/evobox-plus-black\/\" \/>\n<meta property=\"og:locale\" content=\"uk_UA\" \/>\n<meta property=\"og:type\" content=\"article\" \/>\n<meta property=\"og:title\" content=\"Sistema de karaoke dom\u00e9stico EVOBOX Plus Black - Karaoke\" \/>\n<meta property=\"og:description\" content=\"EVOBOX Plus Black es un sistema de karaoke dom\u00e9stico con receptor incorporado y micr\u00f3fonos digitales incluidos. Este elegante y compacto sistema es perfecto para los amantes del karaoke moderno. EVOBOX Plus Black ya viene cargado con m\u00e1s de 45,000 canciones. Los micr\u00f3fonos SE \u2022 201D est\u00e1n dise\u00f1ados especialmente para el karaoke y garantizan una claridad [&hellip;]\" \/>\n<meta property=\"og:url\" content=\"https:\/\/karaoke-spain.eu\/uk\/product\/evobox-plus-black\/\" \/>\n<meta property=\"og:site_name\" content=\"Karaoke\" \/>\n<meta property=\"article:modified_time\" content=\"2025-12-10T14:51:55+00:00\" \/>\n<meta property=\"og:image\" content=\"https:\/\/karaoke-spain.eu\/wp-content\/uploads\/2025\/12\/1-EVOBOX-Plus-Black.jpg\" \/>\n\t<meta property=\"og:image:width\" content=\"600\" \/>\n\t<meta property=\"og:image:height\" content=\"600\" \/>\n\t<meta property=\"og:image:type\" content=\"image\/jpeg\" \/>\n<meta name=\"twitter:card\" content=\"summary_large_image\" \/>\n<meta name=\"twitter:label1\" content=\"\u041f\u0440\u0438\u0431\u043b. \u0447\u0430\u0441 \u0447\u0438\u0442\u0430\u043d\u043d\u044f\" \/>\n\t<meta name=\"twitter:data1\" content=\"1 \u0445\u0432\u0438\u043b\u0438\u043d\u0430\" \/>\n<script type=\"application\/ld+json\" class=\"yoast-schema-graph\">{\"@context\":\"https:\/\/schema.org\",\"@graph\":[{\"@type\":\"WebPage\",\"@id\":\"https:\/\/karaoke-spain.eu\/producto\/evobox-plus-black\/\",\"url\":\"https:\/\/karaoke-spain.eu\/producto\/evobox-plus-black\/\",\"name\":\"Sistema de karaoke dom\u00e9stico EVOBOX Plus Black - Karaoke\",\"isPartOf\":{\"@id\":\"https:\/\/karaoke-spain.eu\/#website\"},\"primaryImageOfPage\":{\"@id\":\"https:\/\/karaoke-spain.eu\/producto\/evobox-plus-black\/#primaryimage\"},\"image\":{\"@id\":\"https:\/\/karaoke-spain.eu\/producto\/evobox-plus-black\/#primaryimage\"},\"thumbnailUrl\":\"https:\/\/karaoke-spain.eu\/wp-content\/uploads\/2025\/12\/1-EVOBOX-Plus-Black.jpg\",\"datePublished\":\"2025-12-10T08:21:51+00:00\",\"dateModified\":\"2025-12-10T14:51:55+00:00\",\"breadcrumb\":{\"@id\":\"https:\/\/karaoke-spain.eu\/producto\/evobox-plus-black\/#breadcrumb\"},\"inLanguage\":\"uk\",\"potentialAction\":[{\"@type\":\"ReadAction\",\"target\":[\"https:\/\/karaoke-spain.eu\/producto\/evobox-plus-black\/\"]}]},{\"@type\":\"ImageObject\",\"inLanguage\":\"uk\",\"@id\":\"https:\/\/karaoke-spain.eu\/producto\/evobox-plus-black\/#primaryimage\",\"url\":\"https:\/\/karaoke-spain.eu\/wp-content\/uploads\/2025\/12\/1-EVOBOX-Plus-Black.jpg\",\"contentUrl\":\"https:\/\/karaoke-spain.eu\/wp-content\/uploads\/2025\/12\/1-EVOBOX-Plus-Black.jpg\",\"width\":600,\"height\":600},{\"@type\":\"BreadcrumbList\",\"@id\":\"https:\/\/karaoke-spain.eu\/producto\/evobox-plus-black\/#breadcrumb\",\"itemListElement\":[{\"@type\":\"ListItem\",\"position\":1,\"name\":\"Home\",\"item\":\"https:\/\/karaoke-spain.eu\/\"},{\"@type\":\"ListItem\",\"position\":2,\"name\":\"Tienda\",\"item\":\"https:\/\/karaoke-spain.eu\/tienda\/\"},{\"@type\":\"ListItem\",\"position\":3,\"name\":\"Sistema de karaoke dom\u00e9stico EVOBOX Plus Black\"}]},{\"@type\":\"WebSite\",\"@id\":\"https:\/\/karaoke-spain.eu\/#website\",\"url\":\"https:\/\/karaoke-spain.eu\/\",\"name\":\"Karaoke\",\"description\":\"\",\"publisher\":{\"@id\":\"https:\/\/karaoke-spain.eu\/#organization\"},\"potentialAction\":[{\"@type\":\"SearchAction\",\"target\":{\"@type\":\"EntryPoint\",\"urlTemplate\":\"https:\/\/karaoke-spain.eu\/?s={search_term_string}\"},\"query-input\":{\"@type\":\"PropertyValueSpecification\",\"valueRequired\":true,\"valueName\":\"search_term_string\"}}],\"inLanguage\":\"uk\"},{\"@type\":\"Organization\",\"@id\":\"https:\/\/karaoke-spain.eu\/#organization\",\"name\":\"Karaoke\",\"url\":\"https:\/\/karaoke-spain.eu\/\",\"logo\":{\"@type\":\"ImageObject\",\"inLanguage\":\"uk\",\"@id\":\"https:\/\/karaoke-spain.eu\/#\/schema\/logo\/image\/\",\"url\":\"https:\/\/karaoke-spain.eu\/wp-content\/uploads\/2025\/12\/cropped-logo2.png\",\"contentUrl\":\"https:\/\/karaoke-spain.eu\/wp-content\/uploads\/2025\/12\/cropped-logo2.png\",\"width\":1678,\"height\":283,\"caption\":\"Karaoke\"},\"image\":{\"@id\":\"https:\/\/karaoke-spain.eu\/#\/schema\/logo\/image\/\"}}]}<\/script>\n<!-- \/ Yoast SEO plugin. -->","yoast_head_json":{"title":"Sistema de karaoke dom\u00e9stico EVOBOX Plus Black - Karaoke","robots":{"index":"index","follow":"follow","max-snippet":"max-snippet:-1","max-image-preview":"max-image-preview:large","max-video-preview":"max-video-preview:-1"},"canonical":"https:\/\/karaoke-spain.eu\/uk\/product\/evobox-plus-black\/","og_locale":"uk_UA","og_type":"article","og_title":"Sistema de karaoke dom\u00e9stico EVOBOX Plus Black - Karaoke","og_description":"EVOBOX Plus Black es un sistema de karaoke dom\u00e9stico con receptor incorporado y micr\u00f3fonos digitales incluidos. Este elegante y compacto sistema es perfecto para los amantes del karaoke moderno. EVOBOX Plus Black ya viene cargado con m\u00e1s de 45,000 canciones. Los micr\u00f3fonos SE \u2022 201D est\u00e1n dise\u00f1ados especialmente para el karaoke y garantizan una claridad [&hellip;]","og_url":"https:\/\/karaoke-spain.eu\/uk\/product\/evobox-plus-black\/","og_site_name":"Karaoke","article_modified_time":"2025-12-10T14:51:55+00:00","og_image":[{"width":600,"height":600,"url":"https:\/\/karaoke-spain.eu\/wp-content\/uploads\/2025\/12\/1-EVOBOX-Plus-Black.jpg","type":"image\/jpeg"}],"twitter_card":"summary_large_image","twitter_misc":{"\u041f\u0440\u0438\u0431\u043b. \u0447\u0430\u0441 \u0447\u0438\u0442\u0430\u043d\u043d\u044f":"1 \u0445\u0432\u0438\u043b\u0438\u043d\u0430"},"schema":{"@context":"https:\/\/schema.org","@graph":[{"@type":"WebPage","@id":"https:\/\/karaoke-spain.eu\/producto\/evobox-plus-black\/","url":"https:\/\/karaoke-spain.eu\/producto\/evobox-plus-black\/","name":"Sistema de karaoke dom\u00e9stico EVOBOX Plus Black - Karaoke","isPartOf":{"@id":"https:\/\/karaoke-spain.eu\/#website"},"primaryImageOfPage":{"@id":"https:\/\/karaoke-spain.eu\/producto\/evobox-plus-black\/#primaryimage"},"image":{"@id":"https:\/\/karaoke-spain.eu\/producto\/evobox-plus-black\/#primaryimage"},"thumbnailUrl":"https:\/\/karaoke-spain.eu\/wp-content\/uploads\/2025\/12\/1-EVOBOX-Plus-Black.jpg","datePublished":"2025-12-10T08:21:51+00:00","dateModified":"2025-12-10T14:51:55+00:00","breadcrumb":{"@id":"https:\/\/karaoke-spain.eu\/producto\/evobox-plus-black\/#breadcrumb"},"inLanguage":"uk","potentialAction":[{"@type":"ReadAction","target":["https:\/\/karaoke-spain.eu\/producto\/evobox-plus-black\/"]}]},{"@type":"ImageObject","inLanguage":"uk","@id":"https:\/\/karaoke-spain.eu\/producto\/evobox-plus-black\/#primaryimage","url":"https:\/\/karaoke-spain.eu\/wp-content\/uploads\/2025\/12\/1-EVOBOX-Plus-Black.jpg","contentUrl":"https:\/\/karaoke-spain.eu\/wp-content\/uploads\/2025\/12\/1-EVOBOX-Plus-Black.jpg","width":600,"height":600},{"@type":"BreadcrumbList","@id":"https:\/\/karaoke-spain.eu\/producto\/evobox-plus-black\/#breadcrumb","itemListElement":[{"@type":"ListItem","position":1,"name":"Home","item":"https:\/\/karaoke-spain.eu\/"},{"@type":"ListItem","position":2,"name":"Tienda","item":"https:\/\/karaoke-spain.eu\/tienda\/"},{"@type":"ListItem","position":3,"name":"Sistema de karaoke dom\u00e9stico EVOBOX Plus Black"}]},{"@type":"WebSite","@id":"https:\/\/karaoke-spain.eu\/#website","url":"https:\/\/karaoke-spain.eu\/","name":"Karaoke","description":"","publisher":{"@id":"https:\/\/karaoke-spain.eu\/#organization"},"potentialAction":[{"@type":"SearchAction","target":{"@type":"EntryPoint","urlTemplate":"https:\/\/karaoke-spain.eu\/?s={search_term_string}"},"query-input":{"@type":"PropertyValueSpecification","valueRequired":true,"valueName":"search_term_string"}}],"inLanguage":"uk"},{"@type":"Organization","@id":"https:\/\/karaoke-spain.eu\/#organization","name":"Karaoke","url":"https:\/\/karaoke-spain.eu\/","logo":{"@type":"ImageObject","inLanguage":"uk","@id":"https:\/\/karaoke-spain.eu\/#\/schema\/logo\/image\/","url":"https:\/\/karaoke-spain.eu\/wp-content\/uploads\/2025\/12\/cropped-logo2.png","contentUrl":"https:\/\/karaoke-spain.eu\/wp-content\/uploads\/2025\/12\/cropped-logo2.png","width":1678,"height":283,"caption":"Karaoke"},"image":{"@id":"https:\/\/karaoke-spain.eu\/#\/schema\/logo\/image\/"}}]}},"_links":{"self":[{"href":"https:\/\/karaoke-spain.eu\/uk\/wp-json\/wp\/v2\/product\/22","targetHints":{"allow":["GET"]}}],"collection":[{"href":"https:\/\/karaoke-spain.eu\/uk\/wp-json\/wp\/v2\/product"}],"about":[{"href":"https:\/\/karaoke-spain.eu\/uk\/wp-json\/wp\/v2\/types\/product"}],"replies":[{"embeddable":true,"href":"https:\/\/karaoke-spain.eu\/uk\/wp-json\/wp\/v2\/comments?post=22"}],"version-history":[{"count":9,"href":"https:\/\/karaoke-spain.eu\/uk\/wp-json\/wp\/v2\/product\/22\/revisions"}],"predecessor-version":[{"id":202,"href":"https:\/\/karaoke-spain.eu\/uk\/wp-json\/wp\/v2\/product\/22\/revisions\/202"}],"wp:featuredmedia":[{"embeddable":true,"href":"https:\/\/karaoke-spain.eu\/uk\/wp-json\/wp\/v2\/media\/29"}],"wp:attachment":[{"href":"https:\/\/karaoke-spain.eu\/uk\/wp-json\/wp\/v2\/media?parent=22"}],"wp:term":[{"taxonomy":"product_brand","embeddable":true,"href":"https:\/\/karaoke-spain.eu\/uk\/wp-json\/wp\/v2\/product_brand?post=22"},{"taxonomy":"product_cat","embeddable":true,"href":"https:\/\/karaoke-spain.eu\/uk\/wp-json\/wp\/v2\/product_cat?post=22"},{"taxonomy":"product_tag","embeddable":true,"href":"https:\/\/karaoke-spain.eu\/uk\/wp-json\/wp\/v2\/product_tag?post=22"}],"curies":[{"name":"wp","href":"https:\/\/api.w.org\/{rel}","templated":true}]}}