{"id":99,"date":"2025-12-10T10:35:50","date_gmt":"2025-12-10T10:35:50","guid":{"rendered":"https:\/\/karaoke-spain.eu\/?page_id=99"},"modified":"2025-12-11T12:02:54","modified_gmt":"2025-12-11T12:02:54","slug":"inicio","status":"publish","type":"page","link":"https:\/\/karaoke-spain.eu\/uk\/","title":{"rendered":"Inicio"},"content":{"rendered":"<div data-elementor-type=\"wp-page\" data-elementor-id=\"99\" class=\"elementor elementor-99\" data-elementor-post-type=\"page\">\n\t\t\t\t<div class=\"elementor-element elementor-element-9460c1f e-flex e-con-boxed e-con e-parent\" data-id=\"9460c1f\" data-element_type=\"container\" data-settings=\"{&quot;background_background&quot;:&quot;classic&quot;}\">\n\t\t\t\t\t<div class=\"e-con-inner\">\n\t\t\t\t<div class=\"elementor-element elementor-element-ae5f2ff elementor-widget elementor-widget-heading\" data-id=\"ae5f2ff\" data-element_type=\"widget\" data-widget_type=\"heading.default\">\n\t\t\t\t\t<h2 class=\"elementor-heading-title elementor-size-default\">\u041f\u0440\u043e\u0444\u0435\u0441\u0456\u0439\u043d\u0435 \u043a\u0430\u0440\u0430\u043e\u043a\u0435\n<br>\n\u0434\u043b\u044f \u0434\u043e\u043c\u0443 \u0432 \u0406\u0441\u043f\u0430\u043d\u0456\u0457<\/h2>\t\t\t\t<\/div>\n\t\t\t\t\t<\/div>\n\t\t\t\t<\/div>\n\t\t<div class=\"elementor-element elementor-element-3da6ca4 e-con-full e-flex e-con e-parent\" data-id=\"3da6ca4\" data-element_type=\"container\">\n\t\t<div class=\"elementor-element elementor-element-d530998 e-con-full e-flex e-con e-child\" data-id=\"d530998\" data-element_type=\"container\" data-settings=\"{&quot;background_background&quot;:&quot;classic&quot;}\">\n\t\t\t\t<div class=\"elementor-element elementor-element-12dfe3b elementor-invisible elementor-widget elementor-widget-heading\" data-id=\"12dfe3b\" data-element_type=\"widget\" data-settings=\"{&quot;_animation&quot;:&quot;fadeInUp&quot;}\" data-widget_type=\"heading.default\">\n\t\t\t\t\t<h2 class=\"elementor-heading-title elementor-size-default\">EVOBOX Plus\n<\/h2>\t\t\t\t<\/div>\n\t\t\t\t<div class=\"elementor-element elementor-element-449d64e elementor-widget__width-initial elementor-invisible elementor-widget elementor-widget-text-editor\" data-id=\"449d64e\" data-element_type=\"widget\" data-settings=\"{&quot;_animation&quot;:&quot;fadeInUp&quot;}\" data-widget_type=\"text-editor.default\">\n\t\t\t\t\t\t\t\t\t<p>\u041a\u0430\u0440\u0430\u043e\u043a\u0435-\u0441\u0438\u0441\u0442\u0435\u043c\u0430 \u0437 \u0431\u0456\u043b\u044c\u0448 \u043d\u0456\u0436 45 000+ \u043f\u0456\u0441\u0435\u043d\u044c \u0456 \u043f\u043e\u043d\u0430\u0434 10 000 \u0432\u0456\u0434\u0435\u043e\u043a\u043b\u0456\u043f\u0456\u0432. \u0423 \u043a\u043e\u043c\u043f\u043b\u0435\u043a\u0442 \u0432\u0445\u043e\u0434\u044f\u0442\u044c \u0434\u0432\u0430 \u0446\u0438\u0444\u0440\u043e\u0432\u0456 \u043c\u0456\u043a\u0440\u043e\u0444\u043e\u043d\u0438. \u0412\u0456\u043d \u043f\u043e\u0441\u0442\u0430\u0432\u043b\u044f\u0454\u0442\u044c\u0441\u044f \u0443 \u0444\u0456\u0440\u043c\u043e\u0432\u043e\u043c\u0443 \u043a\u043e\u0440\u043f\u0443\u0441\u0456 EvoCase \u0434\u043b\u044f \u0437\u0440\u0443\u0447\u043d\u043e\u0441\u0442\u0456 \u0442\u0440\u0430\u043d\u0441\u043f\u043e\u0440\u0442\u0443\u0432\u0430\u043d\u043d\u044f.<\/p>\t\t\t\t\t\t\t\t<\/div>\n\t\t\t\t<div class=\"elementor-element elementor-element-aa2bc0d elementor-align-center elementor-widget elementor-widget-button\" data-id=\"aa2bc0d\" data-element_type=\"widget\" data-widget_type=\"button.default\">\n\t\t\t\t\t\t\t\t\t\t<a class=\"elementor-button elementor-button-link elementor-size-sm\" href=\"\/uk\/product\/evobox-plus-black\/\">\n\t\t\t\t\t\t<span class=\"elementor-button-content-wrapper\">\n\t\t\t\t\t\t\t\t\t<span class=\"elementor-button-text\"> \u0414\u0456\u0437\u043d\u0430\u0442\u0438\u0441\u044f \u0431\u0456\u043b\u044c\u0448\u0435<\/span>\n\t\t\t\t\t<\/span>\n\t\t\t\t\t<\/a>\n\t\t\t\t\t\t\t\t<\/div>\n\t\t\t\t<\/div>\n\t\t\t\t<\/div>\n\t\t<div class=\"elementor-element elementor-element-10bbcfd e-con-full e-flex e-con e-parent\" data-id=\"10bbcfd\" data-element_type=\"container\">\n\t\t<div class=\"elementor-element elementor-element-fa7dc1a e-con-full e-flex e-con e-child\" data-id=\"fa7dc1a\" data-element_type=\"container\" data-settings=\"{&quot;background_background&quot;:&quot;classic&quot;}\">\n\t\t\t\t<div class=\"elementor-element elementor-element-8f157e4 elementor-invisible elementor-widget elementor-widget-heading\" data-id=\"8f157e4\" data-element_type=\"widget\" data-settings=\"{&quot;_animation&quot;:&quot;fadeInUp&quot;}\" data-widget_type=\"heading.default\">\n\t\t\t\t\t<h2 class=\"elementor-heading-title elementor-size-default\">EVOBOX<\/h2>\t\t\t\t<\/div>\n\t\t\t\t<div class=\"elementor-element elementor-element-07b3eb1 elementor-widget__width-initial elementor-invisible elementor-widget elementor-widget-text-editor\" data-id=\"07b3eb1\" data-element_type=\"widget\" data-settings=\"{&quot;_animation&quot;:&quot;fadeInUp&quot;}\" data-widget_type=\"text-editor.default\">\n\t\t\t\t\t\t\t\t\t<p>\u0411\u0430\u0437\u043e\u0432\u0430 \u043a\u0430\u0440\u0430\u043e\u043a\u0435-\u0441\u0438\u0441\u0442\u0435\u043c\u0430 \u0437 \u043f\u0435\u0440\u0435\u0434\u0432\u0441\u0442\u0430\u043d\u043e\u0432\u043b\u0435\u043d\u0438\u043c \u043a\u0430\u0442\u0430\u043b\u043e\u0433\u043e\u043c \u043a\u0430\u0440\u0430\u043e\u043a\u0435 \u0434\u043b\u044f \u0431\u0456\u043b\u044c\u0448 \u043d\u0456\u0436 2000 \u043f\u0456\u0441\u0435\u043d\u044c. \u041f\u0456\u0441\u043b\u044f \u0440\u0435\u0454\u0441\u0442\u0440\u0430\u0446\u0456\u0457 \u0432\u0438 \u043c\u043e\u0436\u0435\u0442\u0435 \u0437\u0430\u0432\u0430\u043d\u0442\u0430\u0436\u0438\u0442\u0438 100 \u043f\u0456\u0441\u0435\u043d\u044c \u0431\u0435\u0437\u043a\u043e\u0448\u0442\u043e\u0432\u043d\u043e.<\/p>\t\t\t\t\t\t\t\t<\/div>\n\t\t\t\t<div class=\"elementor-element elementor-element-63bf8bd elementor-align-center elementor-widget elementor-widget-button\" data-id=\"63bf8bd\" data-element_type=\"widget\" data-widget_type=\"button.default\">\n\t\t\t\t\t\t\t\t\t\t<a class=\"elementor-button elementor-button-link elementor-size-sm\" href=\"\/uk\/contacto\/\">\n\t\t\t\t\t\t<span class=\"elementor-button-content-wrapper\">\n\t\t\t\t\t\t\t\t\t<span class=\"elementor-button-text\"> \u0414\u0456\u0437\u043d\u0430\u0442\u0438\u0441\u044f \u0431\u0456\u043b\u044c\u0448\u0435<\/span>\n\t\t\t\t\t<\/span>\n\t\t\t\t\t<\/a>\n\t\t\t\t\t\t\t\t<\/div>\n\t\t\t\t<\/div>\n\t\t\t\t<\/div>\n\t\t<div class=\"elementor-element elementor-element-463178c e-con-full e-flex e-con e-parent\" data-id=\"463178c\" data-element_type=\"container\">\n\t\t<div class=\"elementor-element elementor-element-3cc0ed7 e-con-full e-flex e-con e-child\" data-id=\"3cc0ed7\" data-element_type=\"container\" data-settings=\"{&quot;background_background&quot;:&quot;classic&quot;}\">\n\t\t\t\t<div class=\"elementor-element elementor-element-beb8c98 elementor-invisible elementor-widget elementor-widget-heading\" data-id=\"beb8c98\" data-element_type=\"widget\" data-settings=\"{&quot;_animation&quot;:&quot;fadeInUp&quot;}\" data-widget_type=\"heading.default\">\n\t\t\t\t\t<h2 class=\"elementor-heading-title elementor-size-default\">EVOBOX Premium\n<\/h2>\t\t\t\t<\/div>\n\t\t\t\t<div class=\"elementor-element elementor-element-572373a elementor-widget__width-initial elementor-invisible elementor-widget elementor-widget-text-editor\" data-id=\"572373a\" data-element_type=\"widget\" data-settings=\"{&quot;_animation&quot;:&quot;fadeInUp&quot;}\" data-widget_type=\"text-editor.default\">\n\t\t\t\t\t\t\t\t\t<p>\u0414\u043e\u043c\u0430\u0448\u043d\u044f \u043a\u0430\u0440\u0430\u043e\u043a\u0435-\u0441\u0438\u0441\u0442\u0435\u043c\u0430 Hi-End \u0437 \u043d\u0430\u0439\u0431\u0456\u043b\u044c\u0448\u0438\u043c \u0432\u0441\u0442\u0430\u043d\u043e\u0432\u043b\u0435\u043d\u0438\u0439 \u043a\u0430\u0442\u0430\u043b\u043e\u0433 \u0437 \u0431\u0456\u043b\u044c\u0448 \u043d\u0456\u0436 69 000 \u043f\u0456\u0441\u0435\u043d\u044c. \u041a\u0440\u0430\u0449\u0456 \u043a\u043e\u043c\u043f\u043e\u043d\u0435\u043d\u0442\u0438, \u043a\u043e\u043c\u043f\u043e\u0437\u0438\u0446\u0456\u0457 \u0443 \u0444\u043e\u0440\u043c\u0430\u0442\u0456 FLAC, \u043c\u043e\u0436\u043b\u0438\u0432\u0456\u0441\u0442\u044c \u043f\u0456\u0434\u043a\u043b\u044e\u0447\u0435\u043d\u043d\u044f 4 \u043c\u0456\u043a\u0440\u043e\u0444\u043e\u043d\u0456\u0432.<\/p>\t\t\t\t\t\t\t\t<\/div>\n\t\t\t\t<div class=\"elementor-element elementor-element-6a1be90 elementor-align-center elementor-widget elementor-widget-button\" data-id=\"6a1be90\" data-element_type=\"widget\" data-widget_type=\"button.default\">\n\t\t\t\t\t\t\t\t\t\t<a class=\"elementor-button elementor-button-link elementor-size-sm\" href=\"\/uk\/product\/evobox-premium-black\/\">\n\t\t\t\t\t\t<span class=\"elementor-button-content-wrapper\">\n\t\t\t\t\t\t\t\t\t<span class=\"elementor-button-text\"> \u0414\u0456\u0437\u043d\u0430\u0442\u0438\u0441\u044f \u0431\u0456\u043b\u044c\u0448\u0435<\/span>\n\t\t\t\t\t<\/span>\n\t\t\t\t\t<\/a>\n\t\t\t\t\t\t\t\t<\/div>\n\t\t\t\t<\/div>\n\t\t\t\t<\/div>\n\t\t<div class=\"elementor-element elementor-element-df2c464 e-con-full e-flex e-con e-parent\" data-id=\"df2c464\" data-element_type=\"container\">\n\t\t<div class=\"elementor-element elementor-element-b23434b e-con-full e-flex e-con e-child\" data-id=\"b23434b\" data-element_type=\"container\" data-settings=\"{&quot;background_background&quot;:&quot;classic&quot;}\">\n\t\t\t\t<div class=\"elementor-element elementor-element-c75a1f5 elementor-invisible elementor-widget elementor-widget-heading\" data-id=\"c75a1f5\" data-element_type=\"widget\" data-settings=\"{&quot;_animation&quot;:&quot;fadeInUp&quot;}\" data-widget_type=\"heading.default\">\n\t\t\t\t\t<h2 class=\"elementor-heading-title elementor-size-default\">\u041c\u0456\u043a\u0440\u043e\u0444\u043e\u043d\u0438 \u0432\u0441\u0442\u0430\u043d\u043e\u0432\u043b\u0435\u043d\u0456 \u043d\u0430 \u2022 200D\n<\/h2>\t\t\t\t<\/div>\n\t\t\t\t<div class=\"elementor-element elementor-element-f5f0a30 elementor-widget__width-initial elementor-invisible elementor-widget elementor-widget-text-editor\" data-id=\"f5f0a30\" data-element_type=\"widget\" data-settings=\"{&quot;_animation&quot;:&quot;fadeInUp&quot;}\" data-widget_type=\"text-editor.default\">\n\t\t\t\t\t\t\t\t\t<p>\u0421\u043f\u0456\u0432\u0430\u0439\u0442\u0435 \u0432\u0456\u0434 \u0437\u0430\u0445\u043e\u0434\u0443 \u0434\u043e \u0441\u0432\u0456\u0442\u0430\u043d\u043a\u0443 \u0437\u0430 \u0434\u043e\u043f\u043e\u043c\u043e\u0433\u043e\u044e \u0446\u0438\u0444\u0440\u043e\u0432\u0438\u0445 \u0431\u0435\u0437\u0434\u0440\u043e\u0442\u043e\u0432\u0438\u0445 \u043c\u0456\u043a\u0440\u043e\u0444\u043e\u043d\u0456\u0432. \u0417\u0430\u0440\u044f\u0434\u0443 \u043c\u0456\u043a\u0440\u043e\u0444\u043e\u043d\u0456\u0432 \u0432\u0438\u0441\u0442\u0430\u0447\u0438\u0442\u044c \u043d\u0430 \u043d\u0430\u0439\u0442\u0440\u0438\u0432\u0430\u043b\u0456\u0448\u0443 \u043a\u0430\u0440\u0430\u043e\u043a\u0435-\u0432\u0435\u0447\u0456\u0440\u043a\u0443!<\/p>\t\t\t\t\t\t\t\t<\/div>\n\t\t\t\t<div class=\"elementor-element elementor-element-9861175 elementor-align-center elementor-widget elementor-widget-button\" data-id=\"9861175\" data-element_type=\"widget\" data-widget_type=\"button.default\">\n\t\t\t\t\t\t\t\t\t\t<a class=\"elementor-button elementor-button-link elementor-size-sm\" href=\"\/uk\/product\/microphones-se-200d\/\">\n\t\t\t\t\t\t<span class=\"elementor-button-content-wrapper\">\n\t\t\t\t\t\t\t\t\t<span class=\"elementor-button-text\"> \u0414\u0456\u0437\u043d\u0430\u0442\u0438\u0441\u044f \u0431\u0456\u043b\u044c\u0448\u0435<\/span>\n\t\t\t\t\t<\/span>\n\t\t\t\t\t<\/a>\n\t\t\t\t\t\t\t\t<\/div>\n\t\t\t\t<\/div>\n\t\t\t\t<\/div>\n\t\t<div class=\"elementor-element elementor-element-cd652d0 e-con-full e-flex e-con e-parent\" data-id=\"cd652d0\" data-element_type=\"container\">\n\t\t<div class=\"elementor-element elementor-element-993316f e-con-full e-flex e-con e-child\" data-id=\"993316f\" data-element_type=\"container\" data-settings=\"{&quot;background_background&quot;:&quot;classic&quot;}\">\n\t\t\t\t<div class=\"elementor-element elementor-element-b34261c elementor-invisible elementor-widget elementor-widget-heading\" data-id=\"b34261c\" data-element_type=\"widget\" data-settings=\"{&quot;_animation&quot;:&quot;fadeInUp&quot;}\" data-widget_type=\"heading.default\">\n\t\t\t\t\t<h2 class=\"elementor-heading-title elementor-size-default\">EvoSound Sphere\n<\/h2>\t\t\t\t<\/div>\n\t\t\t\t<div class=\"elementor-element elementor-element-c4268bd elementor-widget__width-initial elementor-invisible elementor-widget elementor-widget-text-editor\" data-id=\"c4268bd\" data-element_type=\"widget\" data-settings=\"{&quot;_animation&quot;:&quot;fadeInUp&quot;}\" data-widget_type=\"text-editor.default\">\n\t\t\t\t\t\t\t\t\t<p>\u0410\u0443\u0434\u0456\u043e\u0441\u0438\u0441\u0442\u0435\u043c\u0430 True Stereo, \u0440\u043e\u0437\u0440\u043e\u0431\u043b\u0435\u043d\u0430 \u0441\u043f\u0435\u0446\u0456\u0430\u043b\u044c\u043d\u043e \u0434\u043b\u044f \u043a\u0430\u0440\u0430\u043e\u043a\u0435. 390 \u0412\u0442 \u043f\u043e\u0442\u0443\u0436\u043d\u0438\u0439 \u0441\u0442\u0435\u0440\u0435\u043e\u0437\u0432\u0443\u043a.<\/p>\t\t\t\t\t\t\t\t<\/div>\n\t\t\t\t<div class=\"elementor-element elementor-element-d94afd5 elementor-align-center elementor-widget elementor-widget-button\" data-id=\"d94afd5\" data-element_type=\"widget\" data-widget_type=\"button.default\">\n\t\t\t\t\t\t\t\t\t\t<a class=\"elementor-button elementor-button-link elementor-size-sm\" href=\"\/uk\/product\/evosound-sphere-black\/\">\n\t\t\t\t\t\t<span class=\"elementor-button-content-wrapper\">\n\t\t\t\t\t\t\t\t\t<span class=\"elementor-button-text\"> \u0414\u0456\u0437\u043d\u0430\u0442\u0438\u0441\u044f \u0431\u0456\u043b\u044c\u0448\u0435<\/span>\n\t\t\t\t\t<\/span>\n\t\t\t\t\t<\/a>\n\t\t\t\t\t\t\t\t<\/div>\n\t\t\t\t<\/div>\n\t\t\t\t<\/div>\n\t\t<div class=\"elementor-element elementor-element-c217c04 e-con-full e-flex e-con e-parent\" data-id=\"c217c04\" data-element_type=\"container\">\n\t\t<div class=\"elementor-element elementor-element-caf06fe e-con-full e-flex e-con e-child\" data-id=\"caf06fe\" data-element_type=\"container\" data-settings=\"{&quot;background_background&quot;:&quot;classic&quot;}\">\n\t\t\t\t<div class=\"elementor-element elementor-element-d9b613a elementor-invisible elementor-widget elementor-widget-heading\" data-id=\"d9b613a\" data-element_type=\"widget\" data-settings=\"{&quot;_animation&quot;:&quot;fadeInUp&quot;}\" data-widget_type=\"heading.default\">\n\t\t\t\t\t<h2 class=\"elementor-heading-title elementor-size-default\">EvoSound Bar\n<\/h2>\t\t\t\t<\/div>\n\t\t\t\t<div class=\"elementor-element elementor-element-fc2aa1d elementor-widget__width-initial elementor-invisible elementor-widget elementor-widget-text-editor\" data-id=\"fc2aa1d\" data-element_type=\"widget\" data-settings=\"{&quot;_animation&quot;:&quot;fadeInUp&quot;}\" data-widget_type=\"text-editor.default\">\n\t\t\t\t\t\t\t\t\t<p>\u041f\u0435\u0440\u0448\u0430 \u0432 \u0441\u0432\u0456\u0442\u0456 \u0437\u0432\u0443\u043a\u043e\u0432\u0430 \u043f\u0430\u043d\u0435\u043b\u044c \u0434\u043b\u044f \u043a\u0430\u0440\u0430\u043e\u043a\u0435. 450 \u0412\u0442 \u043d\u0430\u0441\u0438\u0447\u0435\u043d\u0438\u0439, \u0447\u0438\u0441\u0442\u0438\u0439 \u0456 \u043f\u043e\u0442\u0443\u0436\u043d\u0438\u0439 \u0437\u0432\u0443\u043a.<\/p>\t\t\t\t\t\t\t\t<\/div>\n\t\t\t\t<div class=\"elementor-element elementor-element-fb097bb elementor-align-center elementor-widget elementor-widget-button\" data-id=\"fb097bb\" data-element_type=\"widget\" data-widget_type=\"button.default\">\n\t\t\t\t\t\t\t\t\t\t<a class=\"elementor-button elementor-button-link elementor-size-sm\" href=\"#\">\n\t\t\t\t\t\t<span class=\"elementor-button-content-wrapper\">\n\t\t\t\t\t\t\t\t\t<span class=\"elementor-button-text\"> \u0414\u0456\u0437\u043d\u0430\u0442\u0438\u0441\u044f \u0431\u0456\u043b\u044c\u0448\u0435<\/span>\n\t\t\t\t\t<\/span>\n\t\t\t\t\t<\/a>\n\t\t\t\t\t\t\t\t<\/div>\n\t\t\t\t<\/div>\n\t\t\t\t<\/div>\n\t\t\t\t<\/div>","protected":false},"excerpt":{"rendered":"<p>Karaoke profesional para la casa en Espa\u00f1a EVOBOX Plus Sistema de karaoke con m\u00e1s de 45 000+ canciones y m\u00e1s de 10 000 videoclips. Dos micr\u00f3fonos digitales incluidos. Viene en un EvoCase de marca para facilitar el transporte. Conocer m\u00e1s EVOBOX Sistema de karaoke b\u00e1sico con un cat\u00e1logo de karaoke preinstalado para m\u00e1s de 2 [&hellip;]<\/p>","protected":false},"author":1,"featured_media":0,"parent":0,"menu_order":0,"comment_status":"closed","ping_status":"closed","template":"","meta":{"footnotes":""},"class_list":["post-99","page","type-page","status-publish","hentry"],"yoast_head":"<!-- This site is optimized with the Yoast SEO plugin v26.5 - https:\/\/yoast.com\/wordpress\/plugins\/seo\/ -->\n<title>Inicio - Karaoke<\/title>\n<meta name=\"robots\" content=\"index, follow, max-snippet:-1, max-image-preview:large, max-video-preview:-1\" \/>\n<link rel=\"canonical\" href=\"https:\/\/karaoke-spain.eu\/uk\/\" \/>\n<meta property=\"og:locale\" content=\"uk_UA\" \/>\n<meta property=\"og:type\" content=\"article\" \/>\n<meta property=\"og:title\" content=\"Inicio - Karaoke\" \/>\n<meta property=\"og:description\" content=\"Karaoke profesional para la casa en Espa\u00f1a EVOBOX Plus Sistema de karaoke con m\u00e1s de 45 000+ canciones y m\u00e1s de 10 000 videoclips. Dos micr\u00f3fonos digitales incluidos. Viene en un EvoCase de marca para facilitar el transporte. Conocer m\u00e1s EVOBOX Sistema de karaoke b\u00e1sico con un cat\u00e1logo de karaoke preinstalado para m\u00e1s de 2 [&hellip;]\" \/>\n<meta property=\"og:url\" content=\"https:\/\/karaoke-spain.eu\/uk\/\" \/>\n<meta property=\"og:site_name\" content=\"Karaoke\" \/>\n<meta property=\"article:modified_time\" content=\"2025-12-11T12:02:54+00:00\" \/>\n<meta name=\"twitter:card\" content=\"summary_large_image\" \/>\n<meta name=\"twitter:label1\" content=\"\u041f\u0440\u0438\u0431\u043b. \u0447\u0430\u0441 \u0447\u0438\u0442\u0430\u043d\u043d\u044f\" \/>\n\t<meta name=\"twitter:data1\" content=\"1 \u0445\u0432\u0438\u043b\u0438\u043d\u0430\" \/>\n<script type=\"application\/ld+json\" class=\"yoast-schema-graph\">{\"@context\":\"https:\/\/schema.org\",\"@graph\":[{\"@type\":\"WebPage\",\"@id\":\"https:\/\/karaoke-spain.eu\/\",\"url\":\"https:\/\/karaoke-spain.eu\/\",\"name\":\"Inicio - Karaoke\",\"isPartOf\":{\"@id\":\"https:\/\/karaoke-spain.eu\/#website\"},\"datePublished\":\"2025-12-10T10:35:50+00:00\",\"dateModified\":\"2025-12-11T12:02:54+00:00\",\"breadcrumb\":{\"@id\":\"https:\/\/karaoke-spain.eu\/#breadcrumb\"},\"inLanguage\":\"uk\",\"potentialAction\":[{\"@type\":\"ReadAction\",\"target\":[\"https:\/\/karaoke-spain.eu\/\"]}]},{\"@type\":\"BreadcrumbList\",\"@id\":\"https:\/\/karaoke-spain.eu\/#breadcrumb\",\"itemListElement\":[{\"@type\":\"ListItem\",\"position\":1,\"name\":\"Home\",\"item\":\"https:\/\/karaoke-spain.eu\/\"},{\"@type\":\"ListItem\",\"position\":2,\"name\":\"Inicio\"}]},{\"@type\":\"WebSite\",\"@id\":\"https:\/\/karaoke-spain.eu\/#website\",\"url\":\"https:\/\/karaoke-spain.eu\/\",\"name\":\"Karaoke\",\"description\":\"\",\"publisher\":{\"@id\":\"https:\/\/karaoke-spain.eu\/#organization\"},\"potentialAction\":[{\"@type\":\"SearchAction\",\"target\":{\"@type\":\"EntryPoint\",\"urlTemplate\":\"https:\/\/karaoke-spain.eu\/?s={search_term_string}\"},\"query-input\":{\"@type\":\"PropertyValueSpecification\",\"valueRequired\":true,\"valueName\":\"search_term_string\"}}],\"inLanguage\":\"uk\"},{\"@type\":\"Organization\",\"@id\":\"https:\/\/karaoke-spain.eu\/#organization\",\"name\":\"Karaoke\",\"url\":\"https:\/\/karaoke-spain.eu\/\",\"logo\":{\"@type\":\"ImageObject\",\"inLanguage\":\"uk\",\"@id\":\"https:\/\/karaoke-spain.eu\/#\/schema\/logo\/image\/\",\"url\":\"https:\/\/karaoke-spain.eu\/wp-content\/uploads\/2025\/12\/cropped-logo2.png\",\"contentUrl\":\"https:\/\/karaoke-spain.eu\/wp-content\/uploads\/2025\/12\/cropped-logo2.png\",\"width\":1678,\"height\":283,\"caption\":\"Karaoke\"},\"image\":{\"@id\":\"https:\/\/karaoke-spain.eu\/#\/schema\/logo\/image\/\"}}]}<\/script>\n<!-- \/ Yoast SEO plugin. -->","yoast_head_json":{"title":"Inicio - Karaoke","robots":{"index":"index","follow":"follow","max-snippet":"max-snippet:-1","max-image-preview":"max-image-preview:large","max-video-preview":"max-video-preview:-1"},"canonical":"https:\/\/karaoke-spain.eu\/uk\/","og_locale":"uk_UA","og_type":"article","og_title":"Inicio - Karaoke","og_description":"Karaoke profesional para la casa en Espa\u00f1a EVOBOX Plus Sistema de karaoke con m\u00e1s de 45 000+ canciones y m\u00e1s de 10 000 videoclips. Dos micr\u00f3fonos digitales incluidos. Viene en un EvoCase de marca para facilitar el transporte. Conocer m\u00e1s EVOBOX Sistema de karaoke b\u00e1sico con un cat\u00e1logo de karaoke preinstalado para m\u00e1s de 2 [&hellip;]","og_url":"https:\/\/karaoke-spain.eu\/uk\/","og_site_name":"Karaoke","article_modified_time":"2025-12-11T12:02:54+00:00","twitter_card":"summary_large_image","twitter_misc":{"\u041f\u0440\u0438\u0431\u043b. \u0447\u0430\u0441 \u0447\u0438\u0442\u0430\u043d\u043d\u044f":"1 \u0445\u0432\u0438\u043b\u0438\u043d\u0430"},"schema":{"@context":"https:\/\/schema.org","@graph":[{"@type":"WebPage","@id":"https:\/\/karaoke-spain.eu\/","url":"https:\/\/karaoke-spain.eu\/","name":"Inicio - Karaoke","isPartOf":{"@id":"https:\/\/karaoke-spain.eu\/#website"},"datePublished":"2025-12-10T10:35:50+00:00","dateModified":"2025-12-11T12:02:54+00:00","breadcrumb":{"@id":"https:\/\/karaoke-spain.eu\/#breadcrumb"},"inLanguage":"uk","potentialAction":[{"@type":"ReadAction","target":["https:\/\/karaoke-spain.eu\/"]}]},{"@type":"BreadcrumbList","@id":"https:\/\/karaoke-spain.eu\/#breadcrumb","itemListElement":[{"@type":"ListItem","position":1,"name":"Home","item":"https:\/\/karaoke-spain.eu\/"},{"@type":"ListItem","position":2,"name":"Inicio"}]},{"@type":"WebSite","@id":"https:\/\/karaoke-spain.eu\/#website","url":"https:\/\/karaoke-spain.eu\/","name":"Karaoke","description":"","publisher":{"@id":"https:\/\/karaoke-spain.eu\/#organization"},"potentialAction":[{"@type":"SearchAction","target":{"@type":"EntryPoint","urlTemplate":"https:\/\/karaoke-spain.eu\/?s={search_term_string}"},"query-input":{"@type":"PropertyValueSpecification","valueRequired":true,"valueName":"search_term_string"}}],"inLanguage":"uk"},{"@type":"Organization","@id":"https:\/\/karaoke-spain.eu\/#organization","name":"Karaoke","url":"https:\/\/karaoke-spain.eu\/","logo":{"@type":"ImageObject","inLanguage":"uk","@id":"https:\/\/karaoke-spain.eu\/#\/schema\/logo\/image\/","url":"https:\/\/karaoke-spain.eu\/wp-content\/uploads\/2025\/12\/cropped-logo2.png","contentUrl":"https:\/\/karaoke-spain.eu\/wp-content\/uploads\/2025\/12\/cropped-logo2.png","width":1678,"height":283,"caption":"Karaoke"},"image":{"@id":"https:\/\/karaoke-spain.eu\/#\/schema\/logo\/image\/"}}]}},"_links":{"self":[{"href":"https:\/\/karaoke-spain.eu\/uk\/wp-json\/wp\/v2\/pages\/99","targetHints":{"allow":["GET"]}}],"collection":[{"href":"https:\/\/karaoke-spain.eu\/uk\/wp-json\/wp\/v2\/pages"}],"about":[{"href":"https:\/\/karaoke-spain.eu\/uk\/wp-json\/wp\/v2\/types\/page"}],"author":[{"embeddable":true,"href":"https:\/\/karaoke-spain.eu\/uk\/wp-json\/wp\/v2\/users\/1"}],"replies":[{"embeddable":true,"href":"https:\/\/karaoke-spain.eu\/uk\/wp-json\/wp\/v2\/comments?post=99"}],"version-history":[{"count":40,"href":"https:\/\/karaoke-spain.eu\/uk\/wp-json\/wp\/v2\/pages\/99\/revisions"}],"predecessor-version":[{"id":439,"href":"https:\/\/karaoke-spain.eu\/uk\/wp-json\/wp\/v2\/pages\/99\/revisions\/439"}],"wp:attachment":[{"href":"https:\/\/karaoke-spain.eu\/uk\/wp-json\/wp\/v2\/media?parent=99"}],"curies":[{"name":"wp","href":"https:\/\/api.w.org\/{rel}","templated":true}]}}